{"id":234588,"date":"2020-11-17T11:53:58","date_gmt":"2020-11-17T11:53:58","guid":{"rendered":"https:\/\/senoriodelospedroches.com\/shop\/"},"modified":"2023-08-21T07:01:32","modified_gmt":"2023-08-21T07:01:32","slug":"shop","status":"publish","type":"page","link":"https:\/\/senoriodelospedroches.com\/en\/shop\/","title":{"rendered":"Store"},"content":{"rendered":"<p>[et_pb_section fb_built=&#8221;1&#8243; _builder_version=&#8221;4.21.0&#8243; _module_preset=&#8221;default&#8221; use_background_color_gradient=&#8221;on&#8221; background_color_gradient_stops=&#8221;rgba(25,30,37,0.75) 0%|rgba(25,30,37,0.75) 100%&#8221; background_color_gradient_overlays_image=&#8221;on&#8221; background_color_gradient_start=&#8221;rgba(25,30,37,0.75)&#8221; background_color_gradient_end=&#8221;rgba(25,30,37,0.75)&#8221; background_image=&#8221;https:\/\/senoriodelospedroches.com\/wp-content\/uploads\/2023\/03\/etiquetado-jamones-ibericos.jpg&#8221; hover_enabled=&#8221;0&#8243; global_colors_info=&#8221;{}&#8221; alt=&#8221;Un cortador de jam\u00f3n cortando un jam\u00f3n ib\u00e9rico del Valle de los Pedroches&#8221; title_text=&#8221;etiquetado-jamones-ibericos&#8221; sticky_enabled=&#8221;0&#8243; custom_padding=&#8221;30px||24px|||&#8221;][et_pb_row _builder_version=&#8221;4.16&#8243; _module_preset=&#8221;default&#8221; global_colors_info=&#8221;{}&#8221;][et_pb_column type=&#8221;4_4&#8243; _builder_version=&#8221;4.16&#8243; _module_preset=&#8221;default&#8221; global_colors_info=&#8221;{}&#8221;][et_pb_text _builder_version=&#8221;4.21.0&#8243; _module_preset=&#8221;default&#8221; text_font=&#8221;Lato||||||||&#8221; header_font=&#8221;Libre Baskerville||on||||||&#8221; header_text_align=&#8221;left&#8221; header_text_color=&#8221;#d7bf9e&#8221; header_font_size=&#8221;45px&#8221; hover_enabled=&#8221;0&#8243; global_colors_info=&#8221;{}&#8221; sticky_enabled=&#8221;0&#8243; header_font_size_last_edited=&#8221;on|phone&#8221; header_font_size_phone=&#8221;30px&#8221; header_line_height=&#8221;1.3em&#8221; header_font_size_tablet=&#8221;45px&#8221;]<\/p>\n<h1>Online store of Iberian products from Los Pedroches<\/h1>\n<p>[\/et_pb_text][et_pb_text _builder_version=&#8221;4.21.0&#8243; _module_preset=&#8221;default&#8221; text_font=&#8221;Montserrat||||||||&#8221; text_text_color=&#8221;#ffffff&#8221; text_font_size=&#8221;19px&#8221; width_tablet=&#8221;&#8221; width_phone=&#8221;100%&#8221; width_last_edited=&#8221;on|phone&#8221; custom_margin=&#8221;-31px||||false|false&#8221; custom_margin_phone=&#8221;-31px|0px||0px|false|true&#8221; custom_margin_last_edited=&#8221;off|desktop&#8221; custom_padding=&#8221;||0px|||&#8221; hover_enabled=&#8221;0&#8243; module_alignment_tablet=&#8221;&#8221; module_alignment_phone=&#8221;center&#8221; module_alignment_last_edited=&#8221;on|phone&#8221; global_colors_info=&#8221;{}&#8221; sticky_enabled=&#8221;0&#8243;]<\/p>\n<p><em>The best selection of Se\u00f1or\u00edo de los Pedroches<\/em><\/p>\n<p>[\/et_pb_text][et_pb_divider color=&#8221;#d7bf9e&#8221; divider_weight=&#8221;2px&#8221; _builder_version=&#8221;4.16&#8243; _module_preset=&#8221;default&#8221; width=&#8221;10%&#8221; module_alignment=&#8221;left&#8221; custom_margin=&#8221;-18px|||||&#8221; global_colors_info=&#8221;{}&#8221;][\/et_pb_divider][\/et_pb_column][\/et_pb_row][\/et_pb_section][et_pb_section fb_built=&#8221;1&#8243; _builder_version=&#8221;4.16&#8243; _module_preset=&#8221;default&#8221; custom_padding=&#8221;14px|||||&#8221; global_colors_info=&#8221;{}&#8221;][et_pb_row column_structure=&#8221;1_3,1_3,1_3&#8243; use_custom_gutter=&#8221;on&#8221; gutter_width=&#8221;2&#8243; _builder_version=&#8221;4.16&#8243; width=&#8221;95%&#8221; max_width=&#8221;100%&#8221; global_colors_info=&#8221;{}&#8221;][et_pb_column type=&#8221;1_3&#8243; _builder_version=&#8221;4.16&#8243; global_colors_info=&#8221;{}&#8221;][et_pb_cta button_text=&#8221;Clics&#8221; _builder_version=&#8221;4.17.4&#8243; header_font=&#8221;Montserrat|700|||||||&#8221; header_font_size=&#8221;32px&#8221; body_font=&#8221;Libre Baskerville||||||||&#8221; background_enable_color=&#8221;off&#8221; use_background_color_gradient=&#8221;on&#8221; background_color_gradient_direction=&#8221;31deg&#8221; background_color_gradient_stops=&#8221;rgba(0,0,0,0.48) 18%|rgba(0,0,0,0.52) 100%&#8221; background_color_gradient_overlays_image=&#8221;on&#8221; background_color_gradient_start=&#8221;rgba(0,0,0,0.48)&#8221; background_color_gradient_start_position=&#8221;18%&#8221; background_color_gradient_end=&#8221;rgba(0,0,0,0.52)&#8221; background_image=&#8221;https:\/\/senoriodelospedroches.com\/wp-content\/uploads\/2022\/06\/jamon-dop-los-pedroches.jpg&#8221; custom_padding=&#8221;107px||107px||true|false&#8221; custom_padding_tablet=&#8221;&#8221; custom_padding_phone=&#8221;70px||70px||true|false&#8221; custom_padding_last_edited=&#8221;on|phone&#8221; link_option_url=&#8221;https:\/\/senoriodelospedroches.com\/en\/iberian-hams\/&#8221; box_shadow_style=&#8221;preset1&#8243; global_colors_info=&#8221;{}&#8221; transform_styles__hover_enabled=&#8221;on|hover&#8221; transform_scale__hover_enabled=&#8221;on|hover&#8221; transform_translate__hover_enabled=&#8221;on|desktop&#8221; transform_rotate__hover_enabled=&#8221;on|desktop&#8221; transform_skew__hover_enabled=&#8221;on|desktop&#8221; transform_origin__hover_enabled=&#8221;on|desktop&#8221; transform_scale__hover=&#8221;102%|102%&#8221; background__hover_enabled=&#8221;off|desktop&#8221; use_background_color_gradient__hover=&#8221;off&#8221; body_text_color__hover_enabled=&#8221;off|hover&#8221; body_text_color__hover=&#8221;#6f2b2d&#8221; header_text_color__hover_enabled=&#8221;on|hover&#8221; header_text_color__hover=&#8221;#ffffff&#8221; background_color_gradient_start__hover=&#8221;rgba(0,0,0,0)&#8221; background_color_gradient_end__hover=&#8221;rgba(0,0,0,0.15)&#8221; background_color_gradient_stops__hover=&#8221;rgba(0,0,0,0) 18%|rgba(0,0,0,0.15) 100%&#8221;]<\/p>\n<h2>iberian hams<\/h2>\n<p>&nbsp;<\/p>\n<p>[\/et_pb_cta][\/et_pb_column][et_pb_column type=&#8221;1_3&#8243; _builder_version=&#8221;4.16&#8243; global_colors_info=&#8221;{}&#8221;][et_pb_cta button_text=&#8221;Clics&#8221; _builder_version=&#8221;4.17.4&#8243; header_font=&#8221;Montserrat|700|||||||&#8221; header_font_size=&#8221;32px&#8221; body_font=&#8221;Libre Baskerville||||||||&#8221; background_enable_color=&#8221;off&#8221; use_background_color_gradient=&#8221;on&#8221; background_color_gradient_direction=&#8221;31deg&#8221; background_color_gradient_stops=&#8221;rgba(0,0,0,0.48) 18%|rgba(0,0,0,0.52) 100%&#8221; background_color_gradient_overlays_image=&#8221;on&#8221; background_color_gradient_start=&#8221;rgba(0,0,0,0.48)&#8221; background_color_gradient_start_position=&#8221;18%&#8221; background_color_gradient_end=&#8221;rgba(0,0,0,0.52)&#8221; background_image=&#8221;https:\/\/senoriodelospedroches.com\/wp-content\/uploads\/2020\/10\/paleta-bellota-75-raza-iberica.jpg&#8221; custom_padding=&#8221;118px||118px||true|false&#8221; custom_padding_tablet=&#8221;&#8221; custom_padding_phone=&#8221;70px||70px||true|false&#8221; custom_padding_last_edited=&#8221;on|phone&#8221; link_option_url=&#8221;https:\/\/senoriodelospedroches.com\/en\/iberian-shoulders\/&#8221; box_shadow_style=&#8221;preset1&#8243; global_colors_info=&#8221;{}&#8221; transform_styles__hover_enabled=&#8221;on|hover&#8221; use_background_color_gradient__hover=&#8221;off&#8221; background__hover_enabled=&#8221;off|desktop&#8221; transform_scale__hover=&#8221;102%|102%&#8221; transform_scale__hover_enabled=&#8221;on|hover&#8221; transform_translate__hover_enabled=&#8221;on|desktop&#8221; transform_rotate__hover_enabled=&#8221;on|desktop&#8221; transform_skew__hover_enabled=&#8221;on|desktop&#8221; transform_origin__hover_enabled=&#8221;on|desktop&#8221;]<\/p>\n<h2>Iberian shoulders<\/h2>\n<p>[\/et_pb_cta][\/et_pb_column][et_pb_column type=&#8221;1_3&#8243; _builder_version=&#8221;4.16&#8243; global_colors_info=&#8221;{}&#8221;][et_pb_cta button_text=&#8221;Clics&#8221; _builder_version=&#8221;4.17.4&#8243; header_font=&#8221;Montserrat|700|||||||&#8221; header_font_size=&#8221;32px&#8221; body_font=&#8221;Libre Baskerville||||||||&#8221; background_enable_color=&#8221;off&#8221; use_background_color_gradient=&#8221;on&#8221; background_color_gradient_direction=&#8221;31deg&#8221; background_color_gradient_stops=&#8221;rgba(0,0,0,0.48) 18%|rgba(0,0,0,0.52) 100%&#8221; background_color_gradient_overlays_image=&#8221;on&#8221; background_color_gradient_start=&#8221;rgba(0,0,0,0.48)&#8221; background_color_gradient_start_position=&#8221;18%&#8221; background_color_gradient_end=&#8221;rgba(0,0,0,0.52)&#8221; background_image=&#8221;https:\/\/senoriodelospedroches.com\/wp-content\/uploads\/2020\/11\/Jamon-de-Bellota-100-Iberico-DOP-LOS-PEDROCHES-1.jpg&#8221; custom_padding=&#8221;106px||106px||true|false&#8221; custom_padding_tablet=&#8221;&#8221; custom_padding_phone=&#8221;70px||70px||true|false&#8221; custom_padding_last_edited=&#8221;on|phone&#8221; link_option_url=&#8221;https:\/\/senoriodelospedroches.com\/en\/iberian-slices\/&#8221; box_shadow_style=&#8221;preset1&#8243; global_colors_info=&#8221;{}&#8221; transform_styles__hover_enabled=&#8221;on|hover&#8221; use_background_color_gradient__hover=&#8221;off&#8221; background__hover_enabled=&#8221;off|desktop&#8221; transform_scale__hover=&#8221;102%|102%&#8221; transform_scale__hover_enabled=&#8221;on|hover&#8221; transform_translate__hover_enabled=&#8221;on|desktop&#8221; transform_rotate__hover_enabled=&#8221;on|desktop&#8221; transform_skew__hover_enabled=&#8221;on|desktop&#8221; transform_origin__hover_enabled=&#8221;on|desktop&#8221;]<\/p>\n<h2>Iberian slices<\/h2>\n<p>&nbsp;<\/p>\n<p>[\/et_pb_cta][\/et_pb_column][\/et_pb_row][et_pb_row column_structure=&#8221;1_3,1_3,1_3&#8243; use_custom_gutter=&#8221;on&#8221; gutter_width=&#8221;2&#8243; _builder_version=&#8221;4.16&#8243; width=&#8221;95%&#8221; max_width=&#8221;100%&#8221; global_colors_info=&#8221;{}&#8221;][et_pb_column type=&#8221;1_3&#8243; _builder_version=&#8221;4.16&#8243; global_colors_info=&#8221;{}&#8221;][et_pb_cta button_text=&#8221;Clics&#8221; _builder_version=&#8221;4.17.4&#8243; header_font=&#8221;Montserrat|700|||||||&#8221; header_font_size=&#8221;32px&#8221; body_font=&#8221;Libre Baskerville||||||||&#8221; background_enable_color=&#8221;off&#8221; use_background_color_gradient=&#8221;on&#8221; background_color_gradient_direction=&#8221;31deg&#8221; background_color_gradient_stops=&#8221;rgba(0,0,0,0.48) 18%|rgba(0,0,0,0.52) 100%&#8221; background_color_gradient_overlays_image=&#8221;on&#8221; background_color_gradient_start=&#8221;rgba(0,0,0,0.48)&#8221; background_color_gradient_start_position=&#8221;18%&#8221; background_color_gradient_end=&#8221;rgba(0,0,0,0.52)&#8221; background_image=&#8221;https:\/\/senoriodelospedroches.com\/wp-content\/uploads\/2020\/11\/chorizo-iberico-de-bellota.jpeg&#8221; custom_padding=&#8221;118px||118px||true|false&#8221; custom_padding_tablet=&#8221;&#8221; custom_padding_phone=&#8221;70px||70px||true|false&#8221; custom_padding_last_edited=&#8221;on|phone&#8221; link_option_url=&#8221;https:\/\/senoriodelospedroches.com\/en\/iberian-sausages\/&#8221; box_shadow_style=&#8221;preset1&#8243; global_colors_info=&#8221;{}&#8221; transform_styles__hover_enabled=&#8221;on|hover&#8221; transform_scale__hover_enabled=&#8221;on|hover&#8221; transform_translate__hover_enabled=&#8221;on|desktop&#8221; transform_rotate__hover_enabled=&#8221;on|desktop&#8221; transform_skew__hover_enabled=&#8221;on|desktop&#8221; transform_origin__hover_enabled=&#8221;on|desktop&#8221; transform_scale__hover=&#8221;102%|102%&#8221; background__hover_enabled=&#8221;off|desktop&#8221; use_background_color_gradient__hover=&#8221;off&#8221;]<\/p>\n<h2>Iberian sausages<\/h2>\n<p><span style=\"color: #ffffff;\"><\/span><\/p>\n<p>[\/et_pb_cta][\/et_pb_column][et_pb_column type=&#8221;1_3&#8243; _builder_version=&#8221;4.16&#8243; global_colors_info=&#8221;{}&#8221;][et_pb_cta button_text=&#8221;Clics&#8221; _builder_version=&#8221;4.17.4&#8243; header_font=&#8221;Montserrat|700|||||||&#8221; header_font_size=&#8221;32px&#8221; body_font=&#8221;Libre Baskerville||||||||&#8221; background_enable_color=&#8221;off&#8221; use_background_color_gradient=&#8221;on&#8221; background_color_gradient_direction=&#8221;31deg&#8221; background_color_gradient_stops=&#8221;rgba(0,0,0,0.48) 18%|rgba(0,0,0,0.52) 100%&#8221; background_color_gradient_overlays_image=&#8221;on&#8221; background_color_gradient_start=&#8221;rgba(0,0,0,0.48)&#8221; background_color_gradient_start_position=&#8221;18%&#8221; background_color_gradient_end=&#8221;rgba(0,0,0,0.52)&#8221; background_image=&#8221;https:\/\/senoriodelospedroches.com\/wp-content\/uploads\/2020\/11\/aceite-oliva-virgen-extra-pedroches.jpg&#8221; custom_padding=&#8221;116px||116px||true|false&#8221; custom_padding_tablet=&#8221;&#8221; custom_padding_phone=&#8221;70px||70px||true|false&#8221; custom_padding_last_edited=&#8221;on|phone&#8221; link_option_url=&#8221;https:\/\/senoriodelospedroches.com\/en\/olive-oil\/&#8221; box_shadow_style=&#8221;preset1&#8243; global_colors_info=&#8221;{}&#8221; transform_styles__hover_enabled=&#8221;on|hover&#8221; use_background_color_gradient__hover=&#8221;off&#8221; background__hover_enabled=&#8221;off|desktop&#8221; transform_scale__hover=&#8221;102%|102%&#8221; transform_scale__hover_enabled=&#8221;on|hover&#8221; transform_translate__hover_enabled=&#8221;on|desktop&#8221; transform_rotate__hover_enabled=&#8221;on|desktop&#8221; transform_skew__hover_enabled=&#8221;on|desktop&#8221; transform_origin__hover_enabled=&#8221;on|desktop&#8221;]<\/p>\n<h2>Olives oils<span style=\"font-size: 14px;\"> <\/span><\/h2>\n<p>[\/et_pb_cta][\/et_pb_column][et_pb_column type=&#8221;1_3&#8243; _builder_version=&#8221;4.16&#8243; global_colors_info=&#8221;{}&#8221;][et_pb_cta button_text=&#8221;Clics&#8221; _builder_version=&#8221;4.17.4&#8243; header_font=&#8221;Montserrat|700|||||||&#8221; header_font_size=&#8221;32px&#8221; body_font=&#8221;Libre Baskerville||||||||&#8221; background_enable_color=&#8221;off&#8221; use_background_color_gradient=&#8221;on&#8221; background_color_gradient_direction=&#8221;31deg&#8221; background_color_gradient_stops=&#8221;rgba(0,0,0,0.48) 18%|rgba(0,0,0,0.52) 100%&#8221; background_color_gradient_overlays_image=&#8221;on&#8221; background_color_gradient_start=&#8221;rgba(0,0,0,0.48)&#8221; background_color_gradient_start_position=&#8221;18%&#8221; background_color_gradient_end=&#8221;rgba(0,0,0,0.52)&#8221; background_image=&#8221;https:\/\/senoriodelospedroches.com\/wp-content\/uploads\/2020\/11\/Cuarto-queso.jpg&#8221; custom_padding=&#8221;118px||118px||true|false&#8221; custom_padding_tablet=&#8221;&#8221; custom_padding_phone=&#8221;70px||70px||true|false&#8221; custom_padding_last_edited=&#8221;on|phone&#8221; link_option_url=&#8221;https:\/\/senoriodelospedroches.com\/en\/cheeses\/&#8221; box_shadow_style=&#8221;preset1&#8243; global_colors_info=&#8221;{}&#8221; transform_styles__hover_enabled=&#8221;on|hover&#8221; use_background_color_gradient__hover=&#8221;off&#8221; background__hover_enabled=&#8221;off|desktop&#8221; transform_scale__hover=&#8221;102%|102%&#8221; transform_scale__hover_enabled=&#8221;on|hover&#8221; transform_translate__hover_enabled=&#8221;on|desktop&#8221; transform_rotate__hover_enabled=&#8221;on|desktop&#8221; transform_skew__hover_enabled=&#8221;on|desktop&#8221; transform_origin__hover_enabled=&#8221;on|desktop&#8221;]<\/p>\n<h2><a href=\"https:\/\/senoriodelospedroches.com\/en\/cheeses\/\">Cheeses<\/a><\/h2>\n<p>[\/et_pb_cta][\/et_pb_column][\/et_pb_row][\/et_pb_section][et_pb_section fb_built=&#8221;1&#8243; theme_builder_area=&#8221;post_content&#8221; _builder_version=&#8221;4.21.0&#8243; _module_preset=&#8221;default&#8221; custom_padding=&#8221;24px|||||&#8221;][et_pb_row _builder_version=&#8221;4.21.0&#8243; _module_preset=&#8221;default&#8221; theme_builder_area=&#8221;post_content&#8221;][et_pb_column _builder_version=&#8221;4.21.0&#8243; _module_preset=&#8221;default&#8221; type=&#8221;4_4&#8243; theme_builder_area=&#8221;post_content&#8221;][et_pb_text _builder_version=&#8221;4.21.0&#8243; _module_preset=&#8221;default&#8221; theme_builder_area=&#8221;post_content&#8221; text_font=&#8221;Source Sans Pro||||||||&#8221; text_font_size=&#8221;17px&#8221; hover_enabled=&#8221;0&#8243; sticky_enabled=&#8221;0&#8243; text_line_height=&#8221;1.8em&#8221; header_2_font=&#8221;Source Sans Pro|600|||||||&#8221;]<\/p>\n<p>If you are fan of Iberian products, you should know the Iberian products shop Se\u00f1or\u00edo de los Pedroches, located in Villanueva de C\u00f3rdoba. Our facilities are located in the region of Valle de Los Pedroches, C\u00f3rdoba, and offer a wide variety of high quality products, elaborated with the best raw material and following traditional techniques.<\/p>\n<h2>High quality products<\/h2>\n<p>In our online shop, you will be able to find acorn-fed Iberian pork products, such as hams, shoulders and sausages, all of them coming from free-range pigs fed with acorns and other natural products. You can also find other typical local products, such as extra virgin olive oil and artisan cheeses.<\/p>\n<h2>Artisan production and personalised service<\/h2>\n<p>All the products sold in this shop are of high quality and handmade, with special attention to every detail. We also offer personalised and friendly attention to each customer, so that they can choose the products that best suit their tastes and needs.<\/p>\n<h2>The best shopping experience<\/h2>\n<p>Se\u00f1or\u00edo de los Pedroches is the perfect place for those who love Iberian gastronomy and culture. Here you can find high quality products at very competitive prices, and enjoy the experience of shopping in a traditional shop where the service is friendly and familiar.<\/p>\n<p>If you are looking for Iberian products of the best quality, do not hesitate to visit our Iberian products shop in Valle de los Pedroches. Here you will find everything you need to enjoy the best Iberian gastronomy at home or to give a special gift to your friends and family. We are waiting for you!<\/p>\n<p>[\/et_pb_text][\/et_pb_column][\/et_pb_row][\/et_pb_section]<\/p>\n","protected":false},"excerpt":{"rendered":"<p>Online store of Iberian products from Los PedrochesThe best selection of Se\u00f1or\u00edo de los Pedrochesiberian hams &nbsp;Iberian shouldersIberian slices &nbsp;Iberian sausages Olives oils CheesesIf you are fan of Iberian products, you should know the Iberian products shop Se\u00f1or\u00edo de los Pedroches, located in Villanueva de C\u00f3rdoba. Our facilities are located in the region of Valle [&hellip;]<\/p>\n","protected":false},"author":1,"featured_media":0,"parent":0,"menu_order":0,"comment_status":"closed","ping_status":"closed","template":"","meta":{"_et_pb_use_builder":"on","_et_pb_old_content":"","_et_gb_content_width":"","_joinchat":[],"footnotes":""},"class_list":["post-234588","page","type-page","status-publish","hentry"],"yoast_head":"<!-- This site is optimized with the Yoast SEO plugin v27.3 - https:\/\/yoast.com\/product\/yoast-seo-wordpress\/ -->\n<title>Store - Se\u00f1or\u00edo de los Pedroches<\/title>\n<meta name=\"robots\" content=\"index, follow, max-snippet:-1, max-image-preview:large, max-video-preview:-1\" \/>\n<link rel=\"canonical\" href=\"https:\/\/senoriodelospedroches.com\/en\/shop\/\" \/>\n<meta property=\"og:locale\" content=\"en_US\" \/>\n<meta property=\"og:type\" content=\"article\" \/>\n<meta property=\"og:title\" content=\"Store - Se\u00f1or\u00edo de los Pedroches\" \/>\n<meta property=\"og:description\" content=\"Online store of Iberian products from Los PedrochesThe best selection of Se\u00f1or\u00edo de los Pedrochesiberian hams &nbsp;Iberian shouldersIberian slices &nbsp;Iberian sausages Olives oils CheesesIf you are fan of Iberian products, you should know the Iberian products shop Se\u00f1or\u00edo de los Pedroches, located in Villanueva de C\u00f3rdoba. Our facilities are located in the region of Valle [&hellip;]\" \/>\n<meta property=\"og:url\" content=\"https:\/\/senoriodelospedroches.com\/en\/shop\/\" \/>\n<meta property=\"og:site_name\" content=\"Se\u00f1or\u00edo de los Pedroches\" \/>\n<meta property=\"article:modified_time\" content=\"2023-08-21T07:01:32+00:00\" \/>\n<meta name=\"twitter:card\" content=\"summary_large_image\" \/>\n<meta name=\"twitter:label1\" content=\"Est. reading time\" \/>\n\t<meta name=\"twitter:data1\" content=\"9 minutes\" \/>\n<script type=\"application\/ld+json\" class=\"yoast-schema-graph\">{\"@context\":\"https:\\\/\\\/schema.org\",\"@graph\":[{\"@type\":\"WebPage\",\"@id\":\"https:\\\/\\\/senoriodelospedroches.com\\\/en\\\/shop\\\/\",\"url\":\"https:\\\/\\\/senoriodelospedroches.com\\\/en\\\/shop\\\/\",\"name\":\"Store - Se\u00f1or\u00edo de los Pedroches\",\"isPartOf\":{\"@id\":\"https:\\\/\\\/senoriodelospedroches.com\\\/en\\\/#website\"},\"datePublished\":\"2020-11-17T11:53:58+00:00\",\"dateModified\":\"2023-08-21T07:01:32+00:00\",\"breadcrumb\":{\"@id\":\"https:\\\/\\\/senoriodelospedroches.com\\\/en\\\/shop\\\/#breadcrumb\"},\"inLanguage\":\"en-US\",\"potentialAction\":[{\"@type\":\"ReadAction\",\"target\":[\"https:\\\/\\\/senoriodelospedroches.com\\\/en\\\/shop\\\/\"]}]},{\"@type\":\"BreadcrumbList\",\"@id\":\"https:\\\/\\\/senoriodelospedroches.com\\\/en\\\/shop\\\/#breadcrumb\",\"itemListElement\":[{\"@type\":\"ListItem\",\"position\":1,\"name\":\"Home\",\"item\":\"https:\\\/\\\/senoriodelospedroches.com\\\/en\\\/\"},{\"@type\":\"ListItem\",\"position\":2,\"name\":\"Store\"}]},{\"@type\":\"WebSite\",\"@id\":\"https:\\\/\\\/senoriodelospedroches.com\\\/en\\\/#website\",\"url\":\"https:\\\/\\\/senoriodelospedroches.com\\\/en\\\/\",\"name\":\"Se\u00f1or\u00edo de los Pedroches\",\"description\":\"Iberian hams and shoulders from Valle de los Pedroches\",\"potentialAction\":[{\"@type\":\"SearchAction\",\"target\":{\"@type\":\"EntryPoint\",\"urlTemplate\":\"https:\\\/\\\/senoriodelospedroches.com\\\/en\\\/?s={search_term_string}\"},\"query-input\":{\"@type\":\"PropertyValueSpecification\",\"valueRequired\":true,\"valueName\":\"search_term_string\"}}],\"inLanguage\":\"en-US\"}]}<\/script>\n<!-- \/ Yoast SEO plugin. -->","yoast_head_json":{"title":"Store - Se\u00f1or\u00edo de los Pedroches","robots":{"index":"index","follow":"follow","max-snippet":"max-snippet:-1","max-image-preview":"max-image-preview:large","max-video-preview":"max-video-preview:-1"},"canonical":"https:\/\/senoriodelospedroches.com\/en\/shop\/","og_locale":"en_US","og_type":"article","og_title":"Store - Se\u00f1or\u00edo de los Pedroches","og_description":"Online store of Iberian products from Los PedrochesThe best selection of Se\u00f1or\u00edo de los Pedrochesiberian hams &nbsp;Iberian shouldersIberian slices &nbsp;Iberian sausages Olives oils CheesesIf you are fan of Iberian products, you should know the Iberian products shop Se\u00f1or\u00edo de los Pedroches, located in Villanueva de C\u00f3rdoba. Our facilities are located in the region of Valle [&hellip;]","og_url":"https:\/\/senoriodelospedroches.com\/en\/shop\/","og_site_name":"Se\u00f1or\u00edo de los Pedroches","article_modified_time":"2023-08-21T07:01:32+00:00","twitter_card":"summary_large_image","twitter_misc":{"Est. reading time":"9 minutes"},"schema":{"@context":"https:\/\/schema.org","@graph":[{"@type":"WebPage","@id":"https:\/\/senoriodelospedroches.com\/en\/shop\/","url":"https:\/\/senoriodelospedroches.com\/en\/shop\/","name":"Store - Se\u00f1or\u00edo de los Pedroches","isPartOf":{"@id":"https:\/\/senoriodelospedroches.com\/en\/#website"},"datePublished":"2020-11-17T11:53:58+00:00","dateModified":"2023-08-21T07:01:32+00:00","breadcrumb":{"@id":"https:\/\/senoriodelospedroches.com\/en\/shop\/#breadcrumb"},"inLanguage":"en-US","potentialAction":[{"@type":"ReadAction","target":["https:\/\/senoriodelospedroches.com\/en\/shop\/"]}]},{"@type":"BreadcrumbList","@id":"https:\/\/senoriodelospedroches.com\/en\/shop\/#breadcrumb","itemListElement":[{"@type":"ListItem","position":1,"name":"Home","item":"https:\/\/senoriodelospedroches.com\/en\/"},{"@type":"ListItem","position":2,"name":"Store"}]},{"@type":"WebSite","@id":"https:\/\/senoriodelospedroches.com\/en\/#website","url":"https:\/\/senoriodelospedroches.com\/en\/","name":"Se\u00f1or\u00edo de los Pedroches","description":"Iberian hams and shoulders from Valle de los Pedroches","potentialAction":[{"@type":"SearchAction","target":{"@type":"EntryPoint","urlTemplate":"https:\/\/senoriodelospedroches.com\/en\/?s={search_term_string}"},"query-input":{"@type":"PropertyValueSpecification","valueRequired":true,"valueName":"search_term_string"}}],"inLanguage":"en-US"}]}},"_links":{"self":[{"href":"https:\/\/senoriodelospedroches.com\/en\/wp-json\/wp\/v2\/pages\/234588","targetHints":{"allow":["GET"]}}],"collection":[{"href":"https:\/\/senoriodelospedroches.com\/en\/wp-json\/wp\/v2\/pages"}],"about":[{"href":"https:\/\/senoriodelospedroches.com\/en\/wp-json\/wp\/v2\/types\/page"}],"author":[{"embeddable":true,"href":"https:\/\/senoriodelospedroches.com\/en\/wp-json\/wp\/v2\/users\/1"}],"replies":[{"embeddable":true,"href":"https:\/\/senoriodelospedroches.com\/en\/wp-json\/wp\/v2\/comments?post=234588"}],"version-history":[{"count":7,"href":"https:\/\/senoriodelospedroches.com\/en\/wp-json\/wp\/v2\/pages\/234588\/revisions"}],"predecessor-version":[{"id":235172,"href":"https:\/\/senoriodelospedroches.com\/en\/wp-json\/wp\/v2\/pages\/234588\/revisions\/235172"}],"wp:attachment":[{"href":"https:\/\/senoriodelospedroches.com\/en\/wp-json\/wp\/v2\/media?parent=234588"}],"curies":[{"name":"wp","href":"https:\/\/api.w.org\/{rel}","templated":true}]}}