{"id":234961,"date":"2020-09-16T10:49:14","date_gmt":"2020-09-16T10:49:14","guid":{"rendered":"https:\/\/senoriodelospedroches.com\/contact\/"},"modified":"2023-07-26T10:48:43","modified_gmt":"2023-07-26T10:48:43","slug":"contact","status":"publish","type":"page","link":"https:\/\/senoriodelospedroches.com\/en\/contact\/","title":{"rendered":"Contact"},"content":{"rendered":"<p>[et_pb_section fb_built=&#8221;1&#8243; _builder_version=&#8221;4.17.4&#8243; _module_preset=&#8221;default&#8221; use_background_color_gradient=&#8221;on&#8221; background_color_gradient_stops=&#8221;rgba(25,30,37,0.52) 0%|rgba(25,30,37,0.6) 100%&#8221; background_color_gradient_overlays_image=&#8221;on&#8221; background_color_gradient_start=&#8221;rgba(25,30,37,0.52)&#8221; background_color_gradient_end=&#8221;rgba(25,30,37,0.6)&#8221; background_image=&#8221;https:\/\/senoriodelospedroches.com\/wp-content\/uploads\/2022\/09\/jamones-ibericos.jpg&#8221; global_colors_info=&#8221;{}&#8221;][et_pb_row _builder_version=&#8221;4.16&#8243; _module_preset=&#8221;default&#8221; global_colors_info=&#8221;{}&#8221;][et_pb_column type=&#8221;4_4&#8243; _builder_version=&#8221;4.16&#8243; _module_preset=&#8221;default&#8221; global_colors_info=&#8221;{}&#8221;][et_pb_text _builder_version=&#8221;4.16&#8243; _module_preset=&#8221;default&#8221; text_font=&#8221;Lato||||||||&#8221; header_font=&#8221;Libre Baskerville||on||||||&#8221; header_text_align=&#8221;left&#8221; header_text_color=&#8221;#d7bf9e&#8221; header_font_size=&#8221;45px&#8221; global_colors_info=&#8221;{}&#8221;]<\/p>\n<h1>Contact<\/h1>\n<p>[\/et_pb_text][et_pb_text _builder_version=&#8221;4.16&#8243; _module_preset=&#8221;default&#8221; text_font=&#8221;Libre Baskerville||||||||&#8221; text_text_color=&#8221;#ffffff&#8221; text_font_size=&#8221;23px&#8221; text_line_height=&#8221;1.8em&#8221; width_tablet=&#8221;&#8221; width_phone=&#8221;100%&#8221; width_last_edited=&#8221;on|phone&#8221; custom_margin=&#8221;-31px||||false|false&#8221; custom_margin_phone=&#8221;-31px|0px||0px|false|true&#8221; custom_margin_last_edited=&#8221;off|desktop&#8221; custom_padding=&#8221;||0px|||&#8221; module_alignment_tablet=&#8221;&#8221; module_alignment_phone=&#8221;center&#8221; module_alignment_last_edited=&#8221;on|phone&#8221; global_colors_info=&#8221;{}&#8221;]<\/p>\n<p><em>Contact information<\/em><\/p>\n<p>[\/et_pb_text][et_pb_divider color=&#8221;#d7bf9e&#8221; divider_weight=&#8221;2px&#8221; _builder_version=&#8221;4.16&#8243; _module_preset=&#8221;default&#8221; width=&#8221;10%&#8221; module_alignment=&#8221;left&#8221; custom_margin=&#8221;-18px|||||&#8221; global_colors_info=&#8221;{}&#8221;][\/et_pb_divider][\/et_pb_column][\/et_pb_row][\/et_pb_section][et_pb_section fb_built=&#8221;1&#8243; _builder_version=&#8221;4.16&#8243; _module_preset=&#8221;default&#8221; background_image=&#8221;https:\/\/senoriodelospedroches.com\/wp-content\/uploads\/2020\/09\/fondo-scaled.jpg&#8221; parallax=&#8221;on&#8221; global_colors_info=&#8221;{}&#8221;][et_pb_row column_structure=&#8221;1_3,1_3,1_3&#8243; custom_padding_last_edited=&#8221;off|desktop&#8221; admin_label=&#8221;Coffee Info&#8221; _builder_version=&#8221;4.16&#8243; custom_padding=&#8221;|||&#8221; custom_padding_tablet=&#8221;|0px||&#8221; custom_padding_phone=&#8221;|0px||&#8221; custom_width_px=&#8221;510px&#8221; global_colors_info=&#8221;{}&#8221;][et_pb_column type=&#8221;1_3&#8243; _builder_version=&#8221;4.16&#8243; custom_padding=&#8221;|||&#8221; global_colors_info=&#8221;{}&#8221; custom_padding__hover=&#8221;|||&#8221;][et_pb_blurb title=&#8221;Address&#8221; use_icon=&#8221;on&#8221; font_icon=&#8221;&#xe01d;||divi||400&#8243; icon_color=&#8221;#d7bf9e&#8221; image_icon_width=&#8221;65px&#8221; _builder_version=&#8221;4.16&#8243; header_font=&#8221;Source Sans Pro|700||on|||||&#8221; header_text_align=&#8221;center&#8221; header_text_color=&#8221;#191e25&#8243; header_font_size=&#8221;20px&#8221; header_letter_spacing=&#8221;1px&#8221; header_line_height=&#8221;1.7em&#8221; body_font=&#8221;Source Sans Pro||||||||&#8221; body_text_align=&#8221;center&#8221; body_text_color=&#8221;rgba(25,30,37,0.72)&#8221; body_font_size=&#8221;18px&#8221; body_line_height=&#8221;1.8em&#8221; text_orientation=&#8221;center&#8221; animation_style=&#8221;slide&#8221; animation_direction=&#8221;bottom&#8221; animation_intensity_slide=&#8221;6%&#8221; animation=&#8221;right&#8221; icon_font_size=&#8221;65px&#8221; global_colors_info=&#8221;{}&#8221;]<\/p>\n<p>C\/ Pozoblanco 70, 14440 Villanueva de C\u00f3rdoba, C\u00f3rdoba<\/p>\n<p>[\/et_pb_blurb][\/et_pb_column][et_pb_column type=&#8221;1_3&#8243; _builder_version=&#8221;4.16&#8243; custom_padding=&#8221;|||&#8221; global_colors_info=&#8221;{}&#8221; custom_padding__hover=&#8221;|||&#8221;][et_pb_blurb title=&#8221;Phone&#8221; use_icon=&#8221;on&#8221; font_icon=&#8221;&#xe090;||divi||400&#8243; icon_color=&#8221;#d7bf9e&#8221; image_icon_width=&#8221;65px&#8221; _builder_version=&#8221;4.18.0&#8243; header_font=&#8221;Source Sans Pro|700||on|||||&#8221; header_text_align=&#8221;center&#8221; header_text_color=&#8221;#191e25&#8243; header_font_size=&#8221;20px&#8221; header_letter_spacing=&#8221;1px&#8221; header_line_height=&#8221;1.7em&#8221; body_font=&#8221;Source Sans Pro||||||||&#8221; body_text_align=&#8221;center&#8221; body_text_color=&#8221;rgba(25,30,37,0.72)&#8221; body_font_size=&#8221;18px&#8221; body_line_height=&#8221;1.8em&#8221; text_orientation=&#8221;center&#8221; animation_style=&#8221;slide&#8221; animation_direction=&#8221;bottom&#8221; animation_intensity_slide=&#8221;6%&#8221; animation=&#8221;right&#8221; icon_font_size=&#8221;65px&#8221; global_colors_info=&#8221;{}&#8221;]<\/p>\n<p>601 625 256<\/p>\n<p>[\/et_pb_blurb][\/et_pb_column][et_pb_column type=&#8221;1_3&#8243; _builder_version=&#8221;4.16&#8243; custom_padding=&#8221;|||&#8221; global_colors_info=&#8221;{}&#8221; custom_padding__hover=&#8221;|||&#8221;][et_pb_blurb title=&#8221;Email&#8221; use_icon=&#8221;on&#8221; font_icon=&#8221;&#xe010;||divi||400&#8243; icon_color=&#8221;#d7bf9e&#8221; image_icon_width=&#8221;65px&#8221; _builder_version=&#8221;4.16&#8243; header_font=&#8221;Source Sans Pro|700||on|||||&#8221; header_text_align=&#8221;center&#8221; header_text_color=&#8221;#191e25&#8243; header_font_size=&#8221;20px&#8221; header_letter_spacing=&#8221;1px&#8221; header_line_height=&#8221;1.7em&#8221; body_font=&#8221;Source Sans Pro||||||||&#8221; body_text_align=&#8221;center&#8221; body_text_color=&#8221;rgba(25,30,37,0.72)&#8221; body_font_size=&#8221;18px&#8221; body_line_height=&#8221;1.8em&#8221; text_orientation=&#8221;center&#8221; animation_style=&#8221;slide&#8221; animation_direction=&#8221;bottom&#8221; animation_intensity_slide=&#8221;6%&#8221; animation=&#8221;right&#8221; icon_font_size=&#8221;65px&#8221; global_colors_info=&#8221;{}&#8221;]<\/p>\n<p>info@senoriodelospedroches.com<\/p>\n<p>[\/et_pb_blurb][\/et_pb_column][\/et_pb_row][\/et_pb_section][et_pb_section fb_built=&#8221;1&#8243; _builder_version=&#8221;4.16&#8243; _module_preset=&#8221;default&#8221; custom_padding=&#8221;0px|||||&#8221; global_colors_info=&#8221;{}&#8221;][\/et_pb_section][et_pb_section fb_built=&#8221;1&#8243; fullwidth=&#8221;on&#8221; _builder_version=&#8221;4.17.4&#8243; _module_preset=&#8221;default&#8221; global_colors_info=&#8221;{}&#8221;][et_pb_fullwidth_code _builder_version=&#8221;4.21.0&#8243; _module_preset=&#8221;default&#8221; global_colors_info=&#8221;{}&#8221;]<iframe src=\"https:\/\/www.google.com\/maps\/embed?pb=!1m14!1m8!1m3!1d3130.069684920866!2d-4.634754529638672!3d38.32421709477671!3m2!1i1024!2i768!4f13.1!3m3!1m2!1s0x0%3A0x621fd3f5878943ec!2sSe%C3%B1or%C3%ADo%20de%20los%20Pedroches!5e0!3m2!1ses!2ses!4v1663052831939!5m2!1ses!2ses\" title=\"Villanueva de Cordoba\" width=\"100%\" height=\"400\" style=\"border:0;\" allowfullscreen=\"\" loading=\"lazy\" referrerpolicy=\"no-referrer-when-downgrade\"><\/iframe>[\/et_pb_fullwidth_code][\/et_pb_section][et_pb_section fb_built=&#8221;1&#8243; admin_label=&#8221;Workshops and Events Section&#8221; _builder_version=&#8221;4.16&#8243; background_color=&#8221;#ffffff&#8221; custom_margin=&#8221;||0px||false|false&#8221; custom_padding=&#8221;0px||0px|&#8221; global_colors_info=&#8221;{}&#8221;][et_pb_row column_structure=&#8221;1_2,1_2&#8243; use_custom_gutter=&#8221;on&#8221; gutter_width=&#8221;0&#8243; make_equal=&#8221;on&#8221; admin_label=&#8221;Workshops and Events Area&#8221; module_class=&#8221; et_pb_row_fullwidth&#8221; _builder_version=&#8221;4.16&#8243; background_color=&#8221;#f2f2f2&#8243; width=&#8221;100%&#8221; width_tablet=&#8221;100%&#8221; width_phone=&#8221;&#8221; width_last_edited=&#8221;on|desktop&#8221; max_width=&#8221;100%&#8221; max_width_tablet=&#8221;100%&#8221; max_width_phone=&#8221;&#8221; max_width_last_edited=&#8221;on|desktop&#8221; custom_margin=&#8221;||0px||false|false&#8221; custom_padding=&#8221;0px||3px||false|false&#8221; make_fullwidth=&#8221;on&#8221; global_colors_info=&#8221;{}&#8221;][et_pb_column type=&#8221;1_2&#8243; _builder_version=&#8221;4.16&#8243; background_enable_color=&#8221;off&#8221; custom_padding=&#8221;5%|5%|0%|5%|false|false&#8221; global_colors_info=&#8221;{}&#8221; custom_padding__hover=&#8221;|||&#8221;][et_pb_text _builder_version=&#8221;4.16&#8243; _module_preset=&#8221;default&#8221; header_font_size=&#8221;35px&#8221; header_2_font=&#8221;Libre Baskerville||on||||||&#8221; header_2_text_align=&#8221;left&#8221; header_2_text_color=&#8221;#6f2b2d&#8221; header_2_font_size=&#8221;35px&#8221; custom_padding=&#8221;||29px|||&#8221; global_colors_info=&#8221;{}&#8221;]<\/p>\n<h2>Our store in C\u00f3rdoba<\/h2>\n<p>[\/et_pb_text][et_pb_blurb title=&#8221;(+34) 957 82 12 48&#8243; use_icon=&#8221;on&#8221; font_icon=&#8221;&#xe090;||divi||400&#8243; icon_color=&#8221;#6f2b2d&#8221; icon_placement=&#8221;left&#8221; image_icon_width=&#8221;43px&#8221; _builder_version=&#8221;4.16&#8243; header_font=&#8221;Source Sans Pro|700||on|||||&#8221; header_text_align=&#8221;left&#8221; header_text_color=&#8221;#191e25&#8243; header_font_size=&#8221;20px&#8221; header_letter_spacing=&#8221;1px&#8221; header_line_height=&#8221;1.7em&#8221; body_font=&#8221;Source Sans Pro||||||||&#8221; body_text_align=&#8221;left&#8221; body_text_color=&#8221;rgba(25,30,37,0.72)&#8221; body_font_size=&#8221;18px&#8221; body_line_height=&#8221;1.8em&#8221; custom_margin=&#8221;-4px||26px|||&#8221; animation_style=&#8221;slide&#8221; animation_direction=&#8221;bottom&#8221; animation_intensity_slide=&#8221;6%&#8221; animation=&#8221;right&#8221; icon_font_size=&#8221;43px&#8221; global_colors_info=&#8221;{}&#8221;][\/et_pb_blurb][et_pb_code _builder_version=&#8221;4.21.0&#8243; _module_preset=&#8221;default&#8221; global_colors_info=&#8221;{}&#8221;]<iframe loading=\"lazy\" src=\"https:\/\/www.google.com\/maps\/embed?pb=!1m18!1m12!1m3!1d3148.6917673408884!2d-4.766880084679017!3d37.89089047973839!2m3!1f0!2f0!3f0!3m2!1i1024!2i768!4f13.1!3m3!1m2!1s0xd6cdf836ff9a1e7%3A0xd2c12c0cb6134c5d!2sSe%C3%B1or%C3%ADo%20de%20los%20Pedroches!5e0!3m2!1ses!2ses!4v1610706946736!5m2!1ses!2ses\" title=\"Cordoba\" width=\"600\" height=\"250\" frameborder=\"0\" style=\"border:0;\" allowfullscreen=\"\" aria-hidden=\"false\" tabindex=\"0\"><\/iframe>[\/et_pb_code][\/et_pb_column][et_pb_column type=&#8221;1_2&#8243; _builder_version=&#8221;4.16&#8243; background_enable_image=&#8221;off&#8221; background_repeat=&#8221;repeat&#8221; custom_padding=&#8221;||||false|false&#8221; global_colors_info=&#8221;{}&#8221; custom_padding__hover=&#8221;|||&#8221;][et_pb_image src=&#8221;https:\/\/senoriodelospedroches.com\/wp-content\/uploads\/2022\/09\/tienda-senorio-pedroches.jpg&#8221; title_text=&#8221;shop-senorio-pedroches&#8221; _builder_version=&#8221;4.17.4&#8243; _module_preset=&#8221;default&#8221; custom_margin=&#8221;||-3px||false|false&#8221; custom_padding=&#8221;||0px||false|false&#8221; global_colors_info=&#8221;{}&#8221;][\/et_pb_image][\/et_pb_column][\/et_pb_row][\/et_pb_section][et_pb_section fb_built=&#8221;1&#8243; custom_padding_last_edited=&#8221;off|desktop&#8221; admin_label=&#8221;Testimonials&#8221; _builder_version=&#8221;4.16&#8243; background_color=&#8221;#6f2b2d&#8221; background_image=&#8221;https:\/\/senoriodelospedroches.com\/wp-content\/uploads\/2020\/09\/bellota-pedroches.png&#8221; z_index=&#8221;1&#8243; max_width=&#8221;100%&#8221; max_width_phone=&#8221;95%&#8221; max_width_last_edited=&#8221;off|desktop&#8221; module_alignment=&#8221;center&#8221; custom_margin_last_edited=&#8221;off|phone&#8221; custom_padding_tablet=&#8221;|||0vw&#8221; global_colors_info=&#8221;{}&#8221;][et_pb_row column_structure=&#8221;2_5,3_5&#8243; _builder_version=&#8221;4.16&#8243; width=&#8221;91%&#8221; custom_margin=&#8221;2px|auto||auto||&#8221; custom_padding=&#8221;|||&#8221; animation_style=&#8221;fade&#8221; global_colors_info=&#8221;{}&#8221;][et_pb_column type=&#8221;2_5&#8243; _builder_version=&#8221;4.16&#8243; background_enable_color=&#8221;off&#8221; custom_padding=&#8221;30px|45px|30px|45px|false|false&#8221; custom_padding_tablet=&#8221;&#8221; custom_padding_phone=&#8221;|30px||30px|false|false&#8221; custom_padding_last_edited=&#8221;on|phone&#8221; global_colors_info=&#8221;{}&#8221; custom_padding__hover=&#8221;|||&#8221;][et_pb_text _builder_version=&#8221;4.16&#8243; _module_preset=&#8221;default&#8221; header_font_size=&#8221;35px&#8221; header_2_font=&#8221;Libre Baskerville||on||||||&#8221; header_2_text_color=&#8221;#ffffff&#8221; header_2_font_size=&#8221;35px&#8221; global_colors_info=&#8221;{}&#8221;]<\/p>\n<h2>We answer<\/h2>\n<p>[\/et_pb_text][et_pb_text _builder_version=&#8221;4.16&#8243; _module_preset=&#8221;default&#8221; text_text_color=&#8221;#ffffff&#8221; header_text_color=&#8221;#ffffff&#8221; header_2_font=&#8221;Libre Baskerville||||||||&#8221; header_2_text_color=&#8221;#ffffff&#8221; header_2_font_size=&#8221;35px&#8221; custom_margin=&#8221;-28px|||||&#8221; global_colors_info=&#8221;{}&#8221;]<\/p>\n<h2>your questions<\/h2>\n<p>[\/et_pb_text][et_pb_text _builder_version=&#8221;4.16&#8243; text_font=&#8221;Source Sans Pro|500|||||||&#8221; text_text_color=&#8221;#ffffff&#8221; text_font_size=&#8221;17px&#8221; text_line_height=&#8221;1.8em&#8221; animation_style=&#8221;fade&#8221; global_colors_info=&#8221;{}&#8221;]<\/p>\n<p>Se\u00f1or\u00edo de los Pedroches will be happy to anwer any question you may have.<\/p>\n<p>[\/et_pb_text][\/et_pb_column][et_pb_column type=&#8221;3_5&#8243; _builder_version=&#8221;4.16&#8243; background_enable_color=&#8221;off&#8221; custom_padding=&#8221;30px|45px|30px|45px|false|false&#8221; custom_padding_tablet=&#8221;&#8221; custom_padding_phone=&#8221;|30px||30px|false|false&#8221; custom_padding_last_edited=&#8221;on|phone&#8221; border_width_all=&#8221;2px&#8221; border_color_all=&#8221;#ffffff&#8221; global_colors_info=&#8221;{}&#8221; custom_padding__hover=&#8221;|||&#8221;][et_pb_contact_form use_spam_service=&#8221;on&#8221; recaptcha_list=&#8221;Recaptcha V3 Se\u00f1or\u00edo de los Pedroches|Recaptcha V3 Se\u00f1or\u00edo de los Pedroches-0&#8243; email=&#8221;info@senoriodelospedroches.com&#8221; _builder_version=&#8221;4.21.0&#8243; _module_preset=&#8221;default&#8221; _unique_id=&#8221;6788278a-4451-4ec6-bdee-66e7fc7cde02&#8243; captcha_text_color=&#8221;#ffffff&#8221; custom_button=&#8221;on&#8221; button_text_color=&#8221;#ffffff&#8221; button_bg_color=&#8221;#191e25&#8243; button_border_color=&#8221;rgba(0,0,0,0)&#8221; hover_enabled=&#8221;0&#8243; global_colors_info=&#8221;{}&#8221; sticky_enabled=&#8221;0&#8243;][et_pb_contact_field field_id=&#8221;Name&#8221; field_title=&#8221;Name (obligatory)&#8221; _builder_version=&#8221;4.21.0&#8243; hover_enabled=&#8221;0&#8243; global_colors_info=&#8221;{}&#8221; button_text_size__hover_enabled=&#8221;off&#8221; button_one_text_size__hover_enabled=&#8221;off&#8221; button_two_text_size__hover_enabled=&#8221;off&#8221; button_text_color__hover_enabled=&#8221;off&#8221; button_one_text_color__hover_enabled=&#8221;off&#8221; button_two_text_color__hover_enabled=&#8221;off&#8221; button_border_width__hover_enabled=&#8221;off&#8221; button_one_border_width__hover_enabled=&#8221;off&#8221; button_two_border_width__hover_enabled=&#8221;off&#8221; button_border_color__hover_enabled=&#8221;off&#8221; button_one_border_color__hover_enabled=&#8221;off&#8221; button_two_border_color__hover_enabled=&#8221;off&#8221; button_border_radius__hover_enabled=&#8221;off&#8221; button_one_border_radius__hover_enabled=&#8221;off&#8221; button_two_border_radius__hover_enabled=&#8221;off&#8221; button_letter_spacing__hover_enabled=&#8221;off&#8221; button_one_letter_spacing__hover_enabled=&#8221;off&#8221; button_two_letter_spacing__hover_enabled=&#8221;off&#8221; button_bg_color__hover_enabled=&#8221;off&#8221; button_one_bg_color__hover_enabled=&#8221;off&#8221; button_two_bg_color__hover_enabled=&#8221;off&#8221; sticky_enabled=&#8221;0&#8243;][\/et_pb_contact_field][et_pb_contact_field field_id=&#8221;Email&#8221; field_title=&#8221;Email (obligatory)&#8221; field_type=&#8221;email&#8221; _builder_version=&#8221;4.21.0&#8243; hover_enabled=&#8221;0&#8243; global_colors_info=&#8221;{}&#8221; button_text_size__hover_enabled=&#8221;off&#8221; button_one_text_size__hover_enabled=&#8221;off&#8221; button_two_text_size__hover_enabled=&#8221;off&#8221; button_text_color__hover_enabled=&#8221;off&#8221; button_one_text_color__hover_enabled=&#8221;off&#8221; button_two_text_color__hover_enabled=&#8221;off&#8221; button_border_width__hover_enabled=&#8221;off&#8221; button_one_border_width__hover_enabled=&#8221;off&#8221; button_two_border_width__hover_enabled=&#8221;off&#8221; button_border_color__hover_enabled=&#8221;off&#8221; button_one_border_color__hover_enabled=&#8221;off&#8221; button_two_border_color__hover_enabled=&#8221;off&#8221; button_border_radius__hover_enabled=&#8221;off&#8221; button_one_border_radius__hover_enabled=&#8221;off&#8221; button_two_border_radius__hover_enabled=&#8221;off&#8221; button_letter_spacing__hover_enabled=&#8221;off&#8221; button_one_letter_spacing__hover_enabled=&#8221;off&#8221; button_two_letter_spacing__hover_enabled=&#8221;off&#8221; button_bg_color__hover_enabled=&#8221;off&#8221; button_one_bg_color__hover_enabled=&#8221;off&#8221; button_two_bg_color__hover_enabled=&#8221;off&#8221; sticky_enabled=&#8221;0&#8243;][\/et_pb_contact_field][et_pb_contact_field field_id=&#8221;Message&#8221; field_title=&#8221;Message (obligatory)&#8221; field_type=&#8221;text&#8221; fullwidth_field=&#8221;on&#8221; _builder_version=&#8221;4.21.0&#8243; hover_enabled=&#8221;0&#8243; global_colors_info=&#8221;{}&#8221; button_text_size__hover_enabled=&#8221;off&#8221; button_one_text_size__hover_enabled=&#8221;off&#8221; button_two_text_size__hover_enabled=&#8221;off&#8221; button_text_color__hover_enabled=&#8221;off&#8221; button_one_text_color__hover_enabled=&#8221;off&#8221; button_two_text_color__hover_enabled=&#8221;off&#8221; button_border_width__hover_enabled=&#8221;off&#8221; button_one_border_width__hover_enabled=&#8221;off&#8221; button_two_border_width__hover_enabled=&#8221;off&#8221; button_border_color__hover_enabled=&#8221;off&#8221; button_one_border_color__hover_enabled=&#8221;off&#8221; button_two_border_color__hover_enabled=&#8221;off&#8221; button_border_radius__hover_enabled=&#8221;off&#8221; button_one_border_radius__hover_enabled=&#8221;off&#8221; button_two_border_radius__hover_enabled=&#8221;off&#8221; button_letter_spacing__hover_enabled=&#8221;off&#8221; button_one_letter_spacing__hover_enabled=&#8221;off&#8221; button_two_letter_spacing__hover_enabled=&#8221;off&#8221; button_bg_color__hover_enabled=&#8221;off&#8221; button_one_bg_color__hover_enabled=&#8221;off&#8221; button_two_bg_color__hover_enabled=&#8221;off&#8221; sticky_enabled=&#8221;0&#8243;][\/et_pb_contact_field][\/et_pb_contact_form][\/et_pb_column][\/et_pb_row][\/et_pb_section]<\/p>\n","protected":false},"excerpt":{"rendered":"<p>ContactContact informationC\/ Pozoblanco 70, 14440 Villanueva de C\u00f3rdoba, C\u00f3rdoba601 625 256info@senoriodelospedroches.comOur store in C\u00f3rdobaWe answeryour questionsSe\u00f1or\u00edo de los Pedroches will be happy to anwer any question you may have.<\/p>\n","protected":false},"author":1,"featured_media":0,"parent":0,"menu_order":0,"comment_status":"closed","ping_status":"closed","template":"","meta":{"_et_pb_use_builder":"on","_et_pb_old_content":"","_et_gb_content_width":"","_joinchat":[],"footnotes":""},"class_list":["post-234961","page","type-page","status-publish","hentry"],"yoast_head":"<!-- This site is optimized with the Yoast SEO plugin v27.2 - https:\/\/yoast.com\/product\/yoast-seo-wordpress\/ -->\n<title>Contact - Se\u00f1or\u00edo de los Pedroches<\/title>\n<meta name=\"robots\" content=\"index, follow, max-snippet:-1, max-image-preview:large, max-video-preview:-1\" \/>\n<link rel=\"canonical\" href=\"https:\/\/senoriodelospedroches.com\/en\/contact\/\" \/>\n<meta property=\"og:locale\" content=\"en_US\" \/>\n<meta property=\"og:type\" content=\"article\" \/>\n<meta property=\"og:title\" content=\"Contact - Se\u00f1or\u00edo de los Pedroches\" \/>\n<meta property=\"og:description\" content=\"ContactContact informationC\/ Pozoblanco 70, 14440 Villanueva de C\u00f3rdoba, C\u00f3rdoba601 625 256info@senoriodelospedroches.comOur store in C\u00f3rdobaWe answeryour questionsSe\u00f1or\u00edo de los Pedroches will be happy to anwer any question you may have.\" \/>\n<meta property=\"og:url\" content=\"https:\/\/senoriodelospedroches.com\/en\/contact\/\" \/>\n<meta property=\"og:site_name\" content=\"Se\u00f1or\u00edo de los Pedroches\" \/>\n<meta property=\"article:modified_time\" content=\"2023-07-26T10:48:43+00:00\" \/>\n<meta name=\"twitter:card\" content=\"summary_large_image\" \/>\n<meta name=\"twitter:label1\" content=\"Est. reading time\" \/>\n\t<meta name=\"twitter:data1\" content=\"10 minutes\" \/>\n<script type=\"application\/ld+json\" class=\"yoast-schema-graph\">{\"@context\":\"https:\/\/schema.org\",\"@graph\":[{\"@type\":\"WebPage\",\"@id\":\"https:\/\/senoriodelospedroches.com\/en\/contact\/\",\"url\":\"https:\/\/senoriodelospedroches.com\/en\/contact\/\",\"name\":\"Contact - Se\u00f1or\u00edo de los Pedroches\",\"isPartOf\":{\"@id\":\"https:\/\/senoriodelospedroches.com\/en\/#website\"},\"datePublished\":\"2020-09-16T10:49:14+00:00\",\"dateModified\":\"2023-07-26T10:48:43+00:00\",\"breadcrumb\":{\"@id\":\"https:\/\/senoriodelospedroches.com\/en\/contact\/#breadcrumb\"},\"inLanguage\":\"en-US\",\"potentialAction\":[{\"@type\":\"ReadAction\",\"target\":[\"https:\/\/senoriodelospedroches.com\/en\/contact\/\"]}]},{\"@type\":\"BreadcrumbList\",\"@id\":\"https:\/\/senoriodelospedroches.com\/en\/contact\/#breadcrumb\",\"itemListElement\":[{\"@type\":\"ListItem\",\"position\":1,\"name\":\"Home\",\"item\":\"https:\/\/senoriodelospedroches.com\/en\/\"},{\"@type\":\"ListItem\",\"position\":2,\"name\":\"Contact\"}]},{\"@type\":\"WebSite\",\"@id\":\"https:\/\/senoriodelospedroches.com\/en\/#website\",\"url\":\"https:\/\/senoriodelospedroches.com\/en\/\",\"name\":\"Se\u00f1or\u00edo de los Pedroches\",\"description\":\"Iberian hams and shoulders from Valle de los Pedroches\",\"potentialAction\":[{\"@type\":\"SearchAction\",\"target\":{\"@type\":\"EntryPoint\",\"urlTemplate\":\"https:\/\/senoriodelospedroches.com\/en\/?s={search_term_string}\"},\"query-input\":{\"@type\":\"PropertyValueSpecification\",\"valueRequired\":true,\"valueName\":\"search_term_string\"}}],\"inLanguage\":\"en-US\"}]}<\/script>\n<!-- \/ Yoast SEO plugin. -->","yoast_head_json":{"title":"Contact - Se\u00f1or\u00edo de los Pedroches","robots":{"index":"index","follow":"follow","max-snippet":"max-snippet:-1","max-image-preview":"max-image-preview:large","max-video-preview":"max-video-preview:-1"},"canonical":"https:\/\/senoriodelospedroches.com\/en\/contact\/","og_locale":"en_US","og_type":"article","og_title":"Contact - Se\u00f1or\u00edo de los Pedroches","og_description":"ContactContact informationC\/ Pozoblanco 70, 14440 Villanueva de C\u00f3rdoba, C\u00f3rdoba601 625 256info@senoriodelospedroches.comOur store in C\u00f3rdobaWe answeryour questionsSe\u00f1or\u00edo de los Pedroches will be happy to anwer any question you may have.","og_url":"https:\/\/senoriodelospedroches.com\/en\/contact\/","og_site_name":"Se\u00f1or\u00edo de los Pedroches","article_modified_time":"2023-07-26T10:48:43+00:00","twitter_card":"summary_large_image","twitter_misc":{"Est. reading time":"10 minutes"},"schema":{"@context":"https:\/\/schema.org","@graph":[{"@type":"WebPage","@id":"https:\/\/senoriodelospedroches.com\/en\/contact\/","url":"https:\/\/senoriodelospedroches.com\/en\/contact\/","name":"Contact - Se\u00f1or\u00edo de los Pedroches","isPartOf":{"@id":"https:\/\/senoriodelospedroches.com\/en\/#website"},"datePublished":"2020-09-16T10:49:14+00:00","dateModified":"2023-07-26T10:48:43+00:00","breadcrumb":{"@id":"https:\/\/senoriodelospedroches.com\/en\/contact\/#breadcrumb"},"inLanguage":"en-US","potentialAction":[{"@type":"ReadAction","target":["https:\/\/senoriodelospedroches.com\/en\/contact\/"]}]},{"@type":"BreadcrumbList","@id":"https:\/\/senoriodelospedroches.com\/en\/contact\/#breadcrumb","itemListElement":[{"@type":"ListItem","position":1,"name":"Home","item":"https:\/\/senoriodelospedroches.com\/en\/"},{"@type":"ListItem","position":2,"name":"Contact"}]},{"@type":"WebSite","@id":"https:\/\/senoriodelospedroches.com\/en\/#website","url":"https:\/\/senoriodelospedroches.com\/en\/","name":"Se\u00f1or\u00edo de los Pedroches","description":"Iberian hams and shoulders from Valle de los Pedroches","potentialAction":[{"@type":"SearchAction","target":{"@type":"EntryPoint","urlTemplate":"https:\/\/senoriodelospedroches.com\/en\/?s={search_term_string}"},"query-input":{"@type":"PropertyValueSpecification","valueRequired":true,"valueName":"search_term_string"}}],"inLanguage":"en-US"}]}},"_links":{"self":[{"href":"https:\/\/senoriodelospedroches.com\/en\/wp-json\/wp\/v2\/pages\/234961","targetHints":{"allow":["GET"]}}],"collection":[{"href":"https:\/\/senoriodelospedroches.com\/en\/wp-json\/wp\/v2\/pages"}],"about":[{"href":"https:\/\/senoriodelospedroches.com\/en\/wp-json\/wp\/v2\/types\/page"}],"author":[{"embeddable":true,"href":"https:\/\/senoriodelospedroches.com\/en\/wp-json\/wp\/v2\/users\/1"}],"replies":[{"embeddable":true,"href":"https:\/\/senoriodelospedroches.com\/en\/wp-json\/wp\/v2\/comments?post=234961"}],"version-history":[{"count":2,"href":"https:\/\/senoriodelospedroches.com\/en\/wp-json\/wp\/v2\/pages\/234961\/revisions"}],"predecessor-version":[{"id":234963,"href":"https:\/\/senoriodelospedroches.com\/en\/wp-json\/wp\/v2\/pages\/234961\/revisions\/234963"}],"wp:attachment":[{"href":"https:\/\/senoriodelospedroches.com\/en\/wp-json\/wp\/v2\/media?parent=234961"}],"curies":[{"name":"wp","href":"https:\/\/api.w.org\/{rel}","templated":true}]}}