{"id":231333,"date":"2020-11-10T16:08:29","date_gmt":"2020-11-10T16:08:29","guid":{"rendered":"https:\/\/senoriodelospedroches.com\/?post_type=product&#038;p=231333"},"modified":"2024-11-14T15:45:57","modified_gmt":"2024-11-14T15:45:57","slug":"aceite-de-oliva-virgen-extra-senorio-2-litros","status":"publish","type":"product","link":"https:\/\/senoriodelospedroches.com\/en\/producto\/aceite-de-oliva-virgen-extra-senorio-2-litros\/","title":{"rendered":"Pack 8x2L Aceite de Oliva Virgen Extra &#8220;Se\u00f1or\u00edo&#8221; (Campa\u00f1a 2024\/25)"},"content":{"rendered":"<p>[et_pb_section fb_built=&#8221;1&#8243; _builder_version=&#8221;4.16&#8243; _module_preset=&#8221;default&#8221; background_color=&#8221;rgba(0,0,0,0)&#8221; background_image=&#8221;https:\/\/senoriodelospedroches.com\/wp-content\/uploads\/2020\/09\/bellotra-jamon-fondo.png&#8221; width=&#8221;100%&#8221; custom_margin=&#8221;-25px|||||&#8221; custom_padding=&#8221;||0%||false|false&#8221; global_colors_info=&#8221;{}&#8221;][et_pb_row column_structure=&#8221;1_2,1_2&#8243; use_custom_gutter=&#8221;on&#8221; gutter_width=&#8221;4&#8243; _builder_version=&#8221;4.16&#8243; width=&#8221;100%&#8221; module_alignment=&#8221;right&#8221; custom_margin=&#8221;-56px|auto||auto|false|false&#8221; custom_padding=&#8221;50px||0.4%||false|false&#8221; global_colors_info=&#8221;{}&#8221;][et_pb_column type=&#8221;1_2&#8243; _builder_version=&#8221;4.16&#8243; background_enable_color=&#8221;off&#8221; background_enable_image=&#8221;off&#8221; custom_padding=&#8221;|0px||0px|false|false&#8221; border_width_right=&#8221;1px&#8221; border_color_right=&#8221;#ffffff&#8221; global_colors_info=&#8221;{}&#8221; custom_padding__hover=&#8221;|||&#8221;][et_pb_text _builder_version=&#8221;4.16&#8243; _module_preset=&#8221;default&#8221; text_font=&#8221;Source Sans Pro||||||||&#8221; text_text_color=&#8221;#ffffff&#8221; text_font_size=&#8221;17px&#8221; header_3_font=&#8221;Libre Baskerville||||||||&#8221; header_3_text_color=&#8221;#ffffff&#8221; header_3_font_size=&#8221;18px&#8221; custom_margin=&#8221;|||-25px||&#8221; custom_margin_tablet=&#8221;&#8221; custom_margin_phone=&#8221;|||0px|false|false&#8221; custom_margin_last_edited=&#8221;on|phone&#8221; custom_padding=&#8221;|40px|6px|||&#8221; global_colors_info=&#8221;{}&#8221;]<\/p>\n<h3>Informaci\u00f3n nutricional media por 100 g<\/h3>\n<p>&nbsp;<\/p>\n<ul>\n<li>Valor energ\u00e9tico 3700 kj\/900 kcal<\/li>\n<li>Grasas totales 100 g de las cuales saturadas 14 g<\/li>\n<li>Hidratos de carbono 0 g de los cuales az\u00facares 0 g<\/li>\n<li>Fibra alimentaria: 0 g<\/li>\n<li>Prote\u00ednas 0 g<\/li>\n<li>Sal 0 g<\/li>\n<\/ul>\n<p>[\/et_pb_text][\/et_pb_column][et_pb_column type=&#8221;1_2&#8243; _builder_version=&#8221;4.16&#8243; background_enable_color=&#8221;off&#8221; background_enable_image=&#8221;off&#8221; custom_padding=&#8221;|0px||0px|false|false&#8221; border_width_right=&#8221;1px&#8221; border_color_right=&#8221;#ffffff&#8221; global_colors_info=&#8221;{}&#8221; custom_padding__hover=&#8221;|||&#8221;][et_pb_text _builder_version=&#8221;4.16&#8243; _module_preset=&#8221;default&#8221; text_font=&#8221;Source Sans Pro||||||||&#8221; text_text_color=&#8221;#ffffff&#8221; text_font_size=&#8221;17px&#8221; header_3_font=&#8221;Libre Baskerville||||||||&#8221; header_3_text_color=&#8221;#ffffff&#8221; header_3_font_size=&#8221;18px&#8221; custom_margin=&#8221;||-14px|-25px||&#8221; custom_margin_tablet=&#8221;&#8221; custom_margin_phone=&#8221;|||0px|false|false&#8221; custom_margin_last_edited=&#8221;on|phone&#8221; custom_padding=&#8221;|34px||||&#8221; global_colors_info=&#8221;{}&#8221;]<\/p>\n<h3>Env\u00edos<\/h3>\n<p>&nbsp;<\/p>\n<p>Enviamos <strong>a toda Espa\u00f1a\u00a0<\/strong>(Peninsular) en un plazo de 24 a 48 horas.<\/p>\n<p>Env\u00edos gratis <strong>a partir de 100\u20ac<\/strong>.<\/p>\n<blockquote>\n<p><em><span style=\"color: #99999;\">Para cualquier duda, atenci\u00f3n al cliente:\u00a0<b data-stringify-type=\"bold\">957 12 11 67 \/\u00a0<\/b><\/span><\/em><em><span style=\"color: #99999;\"><b data-stringify-type=\"bold\">\u00a0671 20 06 49<\/b><\/span><\/em><\/p>\n<\/blockquote>\n<p>&nbsp;<\/p>\n<p>[\/et_pb_text][\/et_pb_column][\/et_pb_row][\/et_pb_section]<\/p>\n","protected":false},"excerpt":{"rendered":"<p>Informaci\u00f3n nutricional media por 100 g &nbsp; Valor energ\u00e9tico 3700 kj\/900 kcal Grasas totales 100 g de las cuales saturadas 14 g Hidratos de carbono 0 g de los cuales az\u00facares 0 g Fibra alimentaria: 0 g Prote\u00ednas 0 g Sal 0 g Env\u00edos &nbsp; Enviamos a toda Espa\u00f1a\u00a0(Peninsular) en un plazo de 24 a [&hellip;]<\/p>\n","protected":false},"featured_media":231328,"comment_status":"open","ping_status":"closed","template":"","meta":{"_et_pb_use_builder":"on","_et_pb_old_content":"Disfruta de nuestro espectacular <strong>Aceite de Oliva Virgen Extra \"Se\u00f1or\u00edo\" en su formato de 2 Litros<\/strong>. Todo el sabor y el color del mejor aceite de categor\u00eda superior del Se\u00f1or\u00edo de los Pedroches, obtenido directamente de aceitunas y solo mediante procesos mec\u00e1nicos. Caja de 8 envases de 2 litros de aceite de oliva virgen extra.","_et_gb_content_width":"","_joinchat":[]},"product_brand":[],"product_cat":[49],"product_tag":[],"class_list":{"0":"post-231333","1":"product","2":"type-product","3":"status-publish","4":"has-post-thumbnail","6":"product_cat-aceite","8":"first","9":"instock","10":"shipping-taxable","11":"purchasable","12":"product-type-simple"},"yoast_head":"<!-- This site is optimized with the Yoast SEO plugin v27.4 - https:\/\/yoast.com\/product\/yoast-seo-wordpress\/ -->\n<title>Pack 8x2L Aceite de Oliva Virgen Extra &quot;Se\u00f1or\u00edo&quot; (Campa\u00f1a 2024\/25) - Se\u00f1or\u00edo de los Pedroches<\/title>\n<meta name=\"robots\" content=\"index, follow, max-snippet:-1, max-image-preview:large, max-video-preview:-1\" \/>\n<link rel=\"canonical\" href=\"https:\/\/senoriodelospedroches.com\/en\/producto\/aceite-de-oliva-virgen-extra-senorio-2-litros\/\" \/>\n<meta property=\"og:locale\" content=\"en_US\" \/>\n<meta property=\"og:type\" content=\"article\" \/>\n<meta property=\"og:title\" content=\"Pack 8x2L Aceite de Oliva Virgen Extra &quot;Se\u00f1or\u00edo&quot; (Campa\u00f1a 2024\/25) - Se\u00f1or\u00edo de los Pedroches\" \/>\n<meta property=\"og:description\" content=\"Informaci\u00f3n nutricional media por 100 g &nbsp; Valor energ\u00e9tico 3700 kj\/900 kcal Grasas totales 100 g de las cuales saturadas 14 g Hidratos de carbono 0 g de los cuales az\u00facares 0 g Fibra alimentaria: 0 g Prote\u00ednas 0 g Sal 0 g Env\u00edos &nbsp; Enviamos a toda Espa\u00f1a\u00a0(Peninsular) en un plazo de 24 a [&hellip;]\" \/>\n<meta property=\"og:url\" content=\"https:\/\/senoriodelospedroches.com\/en\/producto\/aceite-de-oliva-virgen-extra-senorio-2-litros\/\" \/>\n<meta property=\"og:site_name\" content=\"Se\u00f1or\u00edo de los Pedroches\" \/>\n<meta property=\"article:modified_time\" content=\"2024-11-14T15:45:57+00:00\" \/>\n<meta property=\"og:image\" content=\"https:\/\/senoriodelospedroches.com\/wp-content\/uploads\/2020\/11\/aceite-oliva-virgen-extra-pedroches-2L.jpg\" \/>\n\t<meta property=\"og:image:width\" content=\"1600\" \/>\n\t<meta property=\"og:image:height\" content=\"1600\" \/>\n\t<meta property=\"og:image:type\" content=\"image\/jpeg\" \/>\n<meta name=\"twitter:card\" content=\"summary_large_image\" \/>\n<meta name=\"twitter:label1\" content=\"Est. reading time\" \/>\n\t<meta name=\"twitter:data1\" content=\"1 minute\" \/>\n<script type=\"application\/ld+json\" class=\"yoast-schema-graph\">{\"@context\":\"https:\\\/\\\/schema.org\",\"@graph\":[{\"@type\":\"WebPage\",\"@id\":\"https:\\\/\\\/senoriodelospedroches.com\\\/en\\\/producto\\\/aceite-de-oliva-virgen-extra-senorio-2-litros\\\/\",\"url\":\"https:\\\/\\\/senoriodelospedroches.com\\\/en\\\/producto\\\/aceite-de-oliva-virgen-extra-senorio-2-litros\\\/\",\"name\":\"Pack 8x2L Aceite de Oliva Virgen Extra \\\"Se\u00f1or\u00edo\\\" (Campa\u00f1a 2024\\\/25) - Se\u00f1or\u00edo de los Pedroches\",\"isPartOf\":{\"@id\":\"https:\\\/\\\/senoriodelospedroches.com\\\/en\\\/#website\"},\"primaryImageOfPage\":{\"@id\":\"https:\\\/\\\/senoriodelospedroches.com\\\/en\\\/producto\\\/aceite-de-oliva-virgen-extra-senorio-2-litros\\\/#primaryimage\"},\"image\":{\"@id\":\"https:\\\/\\\/senoriodelospedroches.com\\\/en\\\/producto\\\/aceite-de-oliva-virgen-extra-senorio-2-litros\\\/#primaryimage\"},\"thumbnailUrl\":\"https:\\\/\\\/senoriodelospedroches.com\\\/wp-content\\\/uploads\\\/2020\\\/11\\\/aceite-oliva-virgen-extra-pedroches-2L.jpg\",\"datePublished\":\"2020-11-10T16:08:29+00:00\",\"dateModified\":\"2024-11-14T15:45:57+00:00\",\"breadcrumb\":{\"@id\":\"https:\\\/\\\/senoriodelospedroches.com\\\/en\\\/producto\\\/aceite-de-oliva-virgen-extra-senorio-2-litros\\\/#breadcrumb\"},\"inLanguage\":\"en-US\",\"potentialAction\":[{\"@type\":\"ReadAction\",\"target\":[\"https:\\\/\\\/senoriodelospedroches.com\\\/en\\\/producto\\\/aceite-de-oliva-virgen-extra-senorio-2-litros\\\/\"]}]},{\"@type\":\"ImageObject\",\"inLanguage\":\"en-US\",\"@id\":\"https:\\\/\\\/senoriodelospedroches.com\\\/en\\\/producto\\\/aceite-de-oliva-virgen-extra-senorio-2-litros\\\/#primaryimage\",\"url\":\"https:\\\/\\\/senoriodelospedroches.com\\\/wp-content\\\/uploads\\\/2020\\\/11\\\/aceite-oliva-virgen-extra-pedroches-2L.jpg\",\"contentUrl\":\"https:\\\/\\\/senoriodelospedroches.com\\\/wp-content\\\/uploads\\\/2020\\\/11\\\/aceite-oliva-virgen-extra-pedroches-2L.jpg\",\"width\":1600,\"height\":1600},{\"@type\":\"BreadcrumbList\",\"@id\":\"https:\\\/\\\/senoriodelospedroches.com\\\/en\\\/producto\\\/aceite-de-oliva-virgen-extra-senorio-2-litros\\\/#breadcrumb\",\"itemListElement\":[{\"@type\":\"ListItem\",\"position\":1,\"name\":\"Home\",\"item\":\"https:\\\/\\\/senoriodelospedroches.com\\\/en\\\/\"},{\"@type\":\"ListItem\",\"position\":2,\"name\":\"Store\",\"item\":\"https:\\\/\\\/senoriodelospedroches.com\\\/en\\\/shop\\\/\"},{\"@type\":\"ListItem\",\"position\":3,\"name\":\"Pack 8x2L Aceite de Oliva Virgen Extra \u00abSe\u00f1or\u00edo\u00bb (Campa\u00f1a 2024\\\/25)\"}]},{\"@type\":\"WebSite\",\"@id\":\"https:\\\/\\\/senoriodelospedroches.com\\\/en\\\/#website\",\"url\":\"https:\\\/\\\/senoriodelospedroches.com\\\/en\\\/\",\"name\":\"Se\u00f1or\u00edo de los Pedroches\",\"description\":\"Iberian hams and shoulders from Valle de los Pedroches\",\"potentialAction\":[{\"@type\":\"SearchAction\",\"target\":{\"@type\":\"EntryPoint\",\"urlTemplate\":\"https:\\\/\\\/senoriodelospedroches.com\\\/en\\\/?s={search_term_string}\"},\"query-input\":{\"@type\":\"PropertyValueSpecification\",\"valueRequired\":true,\"valueName\":\"search_term_string\"}}],\"inLanguage\":\"en-US\"}]}<\/script>\n<!-- \/ Yoast SEO plugin. -->","yoast_head_json":{"title":"Pack 8x2L Aceite de Oliva Virgen Extra \"Se\u00f1or\u00edo\" (Campa\u00f1a 2024\/25) - Se\u00f1or\u00edo de los Pedroches","robots":{"index":"index","follow":"follow","max-snippet":"max-snippet:-1","max-image-preview":"max-image-preview:large","max-video-preview":"max-video-preview:-1"},"canonical":"https:\/\/senoriodelospedroches.com\/en\/producto\/aceite-de-oliva-virgen-extra-senorio-2-litros\/","og_locale":"en_US","og_type":"article","og_title":"Pack 8x2L Aceite de Oliva Virgen Extra \"Se\u00f1or\u00edo\" (Campa\u00f1a 2024\/25) - Se\u00f1or\u00edo de los Pedroches","og_description":"Informaci\u00f3n nutricional media por 100 g &nbsp; Valor energ\u00e9tico 3700 kj\/900 kcal Grasas totales 100 g de las cuales saturadas 14 g Hidratos de carbono 0 g de los cuales az\u00facares 0 g Fibra alimentaria: 0 g Prote\u00ednas 0 g Sal 0 g Env\u00edos &nbsp; Enviamos a toda Espa\u00f1a\u00a0(Peninsular) en un plazo de 24 a [&hellip;]","og_url":"https:\/\/senoriodelospedroches.com\/en\/producto\/aceite-de-oliva-virgen-extra-senorio-2-litros\/","og_site_name":"Se\u00f1or\u00edo de los Pedroches","article_modified_time":"2024-11-14T15:45:57+00:00","og_image":[{"width":1600,"height":1600,"url":"https:\/\/senoriodelospedroches.com\/wp-content\/uploads\/2020\/11\/aceite-oliva-virgen-extra-pedroches-2L.jpg","type":"image\/jpeg"}],"twitter_card":"summary_large_image","twitter_misc":{"Est. reading time":"1 minute"},"schema":{"@context":"https:\/\/schema.org","@graph":[{"@type":"WebPage","@id":"https:\/\/senoriodelospedroches.com\/en\/producto\/aceite-de-oliva-virgen-extra-senorio-2-litros\/","url":"https:\/\/senoriodelospedroches.com\/en\/producto\/aceite-de-oliva-virgen-extra-senorio-2-litros\/","name":"Pack 8x2L Aceite de Oliva Virgen Extra \"Se\u00f1or\u00edo\" (Campa\u00f1a 2024\/25) - Se\u00f1or\u00edo de los Pedroches","isPartOf":{"@id":"https:\/\/senoriodelospedroches.com\/en\/#website"},"primaryImageOfPage":{"@id":"https:\/\/senoriodelospedroches.com\/en\/producto\/aceite-de-oliva-virgen-extra-senorio-2-litros\/#primaryimage"},"image":{"@id":"https:\/\/senoriodelospedroches.com\/en\/producto\/aceite-de-oliva-virgen-extra-senorio-2-litros\/#primaryimage"},"thumbnailUrl":"https:\/\/senoriodelospedroches.com\/wp-content\/uploads\/2020\/11\/aceite-oliva-virgen-extra-pedroches-2L.jpg","datePublished":"2020-11-10T16:08:29+00:00","dateModified":"2024-11-14T15:45:57+00:00","breadcrumb":{"@id":"https:\/\/senoriodelospedroches.com\/en\/producto\/aceite-de-oliva-virgen-extra-senorio-2-litros\/#breadcrumb"},"inLanguage":"en-US","potentialAction":[{"@type":"ReadAction","target":["https:\/\/senoriodelospedroches.com\/en\/producto\/aceite-de-oliva-virgen-extra-senorio-2-litros\/"]}]},{"@type":"ImageObject","inLanguage":"en-US","@id":"https:\/\/senoriodelospedroches.com\/en\/producto\/aceite-de-oliva-virgen-extra-senorio-2-litros\/#primaryimage","url":"https:\/\/senoriodelospedroches.com\/wp-content\/uploads\/2020\/11\/aceite-oliva-virgen-extra-pedroches-2L.jpg","contentUrl":"https:\/\/senoriodelospedroches.com\/wp-content\/uploads\/2020\/11\/aceite-oliva-virgen-extra-pedroches-2L.jpg","width":1600,"height":1600},{"@type":"BreadcrumbList","@id":"https:\/\/senoriodelospedroches.com\/en\/producto\/aceite-de-oliva-virgen-extra-senorio-2-litros\/#breadcrumb","itemListElement":[{"@type":"ListItem","position":1,"name":"Home","item":"https:\/\/senoriodelospedroches.com\/en\/"},{"@type":"ListItem","position":2,"name":"Store","item":"https:\/\/senoriodelospedroches.com\/en\/shop\/"},{"@type":"ListItem","position":3,"name":"Pack 8x2L Aceite de Oliva Virgen Extra \u00abSe\u00f1or\u00edo\u00bb (Campa\u00f1a 2024\/25)"}]},{"@type":"WebSite","@id":"https:\/\/senoriodelospedroches.com\/en\/#website","url":"https:\/\/senoriodelospedroches.com\/en\/","name":"Se\u00f1or\u00edo de los Pedroches","description":"Iberian hams and shoulders from Valle de los Pedroches","potentialAction":[{"@type":"SearchAction","target":{"@type":"EntryPoint","urlTemplate":"https:\/\/senoriodelospedroches.com\/en\/?s={search_term_string}"},"query-input":{"@type":"PropertyValueSpecification","valueRequired":true,"valueName":"search_term_string"}}],"inLanguage":"en-US"}]}},"_links":{"self":[{"href":"https:\/\/senoriodelospedroches.com\/en\/wp-json\/wp\/v2\/product\/231333","targetHints":{"allow":["GET"]}}],"collection":[{"href":"https:\/\/senoriodelospedroches.com\/en\/wp-json\/wp\/v2\/product"}],"about":[{"href":"https:\/\/senoriodelospedroches.com\/en\/wp-json\/wp\/v2\/types\/product"}],"replies":[{"embeddable":true,"href":"https:\/\/senoriodelospedroches.com\/en\/wp-json\/wp\/v2\/comments?post=231333"}],"wp:featuredmedia":[{"embeddable":true,"href":"https:\/\/senoriodelospedroches.com\/en\/wp-json\/wp\/v2\/media\/231328"}],"wp:attachment":[{"href":"https:\/\/senoriodelospedroches.com\/en\/wp-json\/wp\/v2\/media?parent=231333"}],"wp:term":[{"taxonomy":"product_brand","embeddable":true,"href":"https:\/\/senoriodelospedroches.com\/en\/wp-json\/wp\/v2\/product_brand?post=231333"},{"taxonomy":"product_cat","embeddable":true,"href":"https:\/\/senoriodelospedroches.com\/en\/wp-json\/wp\/v2\/product_cat?post=231333"},{"taxonomy":"product_tag","embeddable":true,"href":"https:\/\/senoriodelospedroches.com\/en\/wp-json\/wp\/v2\/product_tag?post=231333"}],"curies":[{"name":"wp","href":"https:\/\/api.w.org\/{rel}","templated":true}]}}