{"id":232439,"date":"2021-04-20T11:43:45","date_gmt":"2021-04-20T11:43:45","guid":{"rendered":"https:\/\/senoriodelospedroches.com\/?post_type=product&#038;p=232439"},"modified":"2022-04-25T16:31:47","modified_gmt":"2022-04-25T16:31:47","slug":"cesta-2-dia-de-la-madre","status":"publish","type":"product","link":"https:\/\/senoriodelospedroches.com\/en\/producto\/cesta-2-dia-de-la-madre\/","title":{"rendered":"Cesta 2 D\u00eda de la Madre"},"content":{"rendered":"<p>[et_pb_section fb_built=&#8221;1&#8243; _builder_version=&#8221;4.7.4&#8243; custom_margin=&#8221;0px|0px|0px|0px|false|false&#8221; custom_padding=&#8221;0px|0px|0px|0px|false|false&#8221;][et_pb_row _builder_version=&#8221;4.7.4&#8243; _module_preset=&#8221;default&#8221;][et_pb_column type=&#8221;4_4&#8243; _builder_version=&#8221;4.7.4&#8243; _module_preset=&#8221;default&#8221;][et_pb_divider show_divider=&#8221;off&#8221; _builder_version=&#8221;4.7.4&#8243; _module_preset=&#8221;default&#8221;][\/et_pb_divider][\/et_pb_column][\/et_pb_row][\/et_pb_section]<\/p>\n","protected":false},"excerpt":{"rendered":"","protected":false},"featured_media":232442,"comment_status":"open","ping_status":"closed","template":"","meta":{"_et_pb_use_builder":"on","_et_pb_old_content":"<ul>\r\n \t<li>5 Sobres Salchich\u00f3n Ib\u00e9rico de Bellota (100gr)<\/li>\r\n \t<li>5 Sobres Chorizo Ib\u00e9rico de Bellota (100gr)<\/li>\r\n \t<li>4 Sobres Lomo de Bellota 100% (100gr)<\/li>\r\n \t<li>1 Cu\u00f1a Queso Puro de Oveja Curado (300gr)<\/li>\r\n \t<li>1 Sobre Jam\u00f3n de Bellota 100% Ib\u00e9rico (100gr)<\/li>\r\n \t<li>1 Aceite de Oliva Previo (0,500 ML)<\/li>\r\n \t<li>1 Jab\u00f3n de Jam\u00f3n<\/li>\r\n<\/ul>","_et_gb_content_width":"","_joinchat":[]},"product_brand":[],"product_cat":[78],"product_tag":[],"class_list":{"0":"post-232439","1":"product","2":"type-product","3":"status-publish","4":"has-post-thumbnail","6":"product_cat-lotes","7":"product_shipping_class-lotes","9":"first","10":"instock","11":"shipping-taxable","12":"purchasable","13":"product-type-simple"},"yoast_head":"<!-- This site is optimized with the Yoast SEO plugin v27.4 - https:\/\/yoast.com\/product\/yoast-seo-wordpress\/ -->\n<title>Cesta 2 D\u00eda de la Madre - Se\u00f1or\u00edo de los Pedroches<\/title>\n<meta name=\"robots\" content=\"index, follow, max-snippet:-1, max-image-preview:large, max-video-preview:-1\" \/>\n<link rel=\"canonical\" href=\"https:\/\/senoriodelospedroches.com\/en\/producto\/cesta-2-dia-de-la-madre\/\" \/>\n<meta property=\"og:locale\" content=\"en_US\" \/>\n<meta property=\"og:type\" content=\"article\" \/>\n<meta property=\"og:title\" content=\"Cesta 2 D\u00eda de la Madre - Se\u00f1or\u00edo de los Pedroches\" \/>\n<meta property=\"og:url\" content=\"https:\/\/senoriodelospedroches.com\/en\/producto\/cesta-2-dia-de-la-madre\/\" \/>\n<meta property=\"og:site_name\" content=\"Se\u00f1or\u00edo de los Pedroches\" \/>\n<meta property=\"article:modified_time\" content=\"2022-04-25T16:31:47+00:00\" \/>\n<meta property=\"og:image\" content=\"https:\/\/senoriodelospedroches.com\/wp-content\/uploads\/2021\/04\/cesta-2-65E.jpg\" \/>\n\t<meta property=\"og:image:width\" content=\"1600\" \/>\n\t<meta property=\"og:image:height\" content=\"1600\" \/>\n\t<meta property=\"og:image:type\" content=\"image\/jpeg\" \/>\n<meta name=\"twitter:card\" content=\"summary_large_image\" \/>\n<script type=\"application\/ld+json\" class=\"yoast-schema-graph\">{\"@context\":\"https:\\\/\\\/schema.org\",\"@graph\":[{\"@type\":\"WebPage\",\"@id\":\"https:\\\/\\\/senoriodelospedroches.com\\\/en\\\/producto\\\/cesta-2-dia-de-la-madre\\\/\",\"url\":\"https:\\\/\\\/senoriodelospedroches.com\\\/en\\\/producto\\\/cesta-2-dia-de-la-madre\\\/\",\"name\":\"Cesta 2 D\u00eda de la Madre - Se\u00f1or\u00edo de los Pedroches\",\"isPartOf\":{\"@id\":\"https:\\\/\\\/senoriodelospedroches.com\\\/en\\\/#website\"},\"primaryImageOfPage\":{\"@id\":\"https:\\\/\\\/senoriodelospedroches.com\\\/en\\\/producto\\\/cesta-2-dia-de-la-madre\\\/#primaryimage\"},\"image\":{\"@id\":\"https:\\\/\\\/senoriodelospedroches.com\\\/en\\\/producto\\\/cesta-2-dia-de-la-madre\\\/#primaryimage\"},\"thumbnailUrl\":\"https:\\\/\\\/senoriodelospedroches.com\\\/wp-content\\\/uploads\\\/2021\\\/04\\\/cesta-2-65E.jpg\",\"datePublished\":\"2021-04-20T11:43:45+00:00\",\"dateModified\":\"2022-04-25T16:31:47+00:00\",\"breadcrumb\":{\"@id\":\"https:\\\/\\\/senoriodelospedroches.com\\\/en\\\/producto\\\/cesta-2-dia-de-la-madre\\\/#breadcrumb\"},\"inLanguage\":\"en-US\",\"potentialAction\":[{\"@type\":\"ReadAction\",\"target\":[\"https:\\\/\\\/senoriodelospedroches.com\\\/en\\\/producto\\\/cesta-2-dia-de-la-madre\\\/\"]}]},{\"@type\":\"ImageObject\",\"inLanguage\":\"en-US\",\"@id\":\"https:\\\/\\\/senoriodelospedroches.com\\\/en\\\/producto\\\/cesta-2-dia-de-la-madre\\\/#primaryimage\",\"url\":\"https:\\\/\\\/senoriodelospedroches.com\\\/wp-content\\\/uploads\\\/2021\\\/04\\\/cesta-2-65E.jpg\",\"contentUrl\":\"https:\\\/\\\/senoriodelospedroches.com\\\/wp-content\\\/uploads\\\/2021\\\/04\\\/cesta-2-65E.jpg\",\"width\":1600,\"height\":1600},{\"@type\":\"BreadcrumbList\",\"@id\":\"https:\\\/\\\/senoriodelospedroches.com\\\/en\\\/producto\\\/cesta-2-dia-de-la-madre\\\/#breadcrumb\",\"itemListElement\":[{\"@type\":\"ListItem\",\"position\":1,\"name\":\"Home\",\"item\":\"https:\\\/\\\/senoriodelospedroches.com\\\/en\\\/\"},{\"@type\":\"ListItem\",\"position\":2,\"name\":\"Store\",\"item\":\"https:\\\/\\\/senoriodelospedroches.com\\\/en\\\/shop\\\/\"},{\"@type\":\"ListItem\",\"position\":3,\"name\":\"Cesta 2 D\u00eda de la Madre\"}]},{\"@type\":\"WebSite\",\"@id\":\"https:\\\/\\\/senoriodelospedroches.com\\\/en\\\/#website\",\"url\":\"https:\\\/\\\/senoriodelospedroches.com\\\/en\\\/\",\"name\":\"Se\u00f1or\u00edo de los Pedroches\",\"description\":\"Iberian hams and shoulders from Valle de los Pedroches\",\"potentialAction\":[{\"@type\":\"SearchAction\",\"target\":{\"@type\":\"EntryPoint\",\"urlTemplate\":\"https:\\\/\\\/senoriodelospedroches.com\\\/en\\\/?s={search_term_string}\"},\"query-input\":{\"@type\":\"PropertyValueSpecification\",\"valueRequired\":true,\"valueName\":\"search_term_string\"}}],\"inLanguage\":\"en-US\"}]}<\/script>\n<!-- \/ Yoast SEO plugin. -->","yoast_head_json":{"title":"Cesta 2 D\u00eda de la Madre - Se\u00f1or\u00edo de los Pedroches","robots":{"index":"index","follow":"follow","max-snippet":"max-snippet:-1","max-image-preview":"max-image-preview:large","max-video-preview":"max-video-preview:-1"},"canonical":"https:\/\/senoriodelospedroches.com\/en\/producto\/cesta-2-dia-de-la-madre\/","og_locale":"en_US","og_type":"article","og_title":"Cesta 2 D\u00eda de la Madre - Se\u00f1or\u00edo de los Pedroches","og_url":"https:\/\/senoriodelospedroches.com\/en\/producto\/cesta-2-dia-de-la-madre\/","og_site_name":"Se\u00f1or\u00edo de los Pedroches","article_modified_time":"2022-04-25T16:31:47+00:00","og_image":[{"width":1600,"height":1600,"url":"https:\/\/senoriodelospedroches.com\/wp-content\/uploads\/2021\/04\/cesta-2-65E.jpg","type":"image\/jpeg"}],"twitter_card":"summary_large_image","schema":{"@context":"https:\/\/schema.org","@graph":[{"@type":"WebPage","@id":"https:\/\/senoriodelospedroches.com\/en\/producto\/cesta-2-dia-de-la-madre\/","url":"https:\/\/senoriodelospedroches.com\/en\/producto\/cesta-2-dia-de-la-madre\/","name":"Cesta 2 D\u00eda de la Madre - Se\u00f1or\u00edo de los Pedroches","isPartOf":{"@id":"https:\/\/senoriodelospedroches.com\/en\/#website"},"primaryImageOfPage":{"@id":"https:\/\/senoriodelospedroches.com\/en\/producto\/cesta-2-dia-de-la-madre\/#primaryimage"},"image":{"@id":"https:\/\/senoriodelospedroches.com\/en\/producto\/cesta-2-dia-de-la-madre\/#primaryimage"},"thumbnailUrl":"https:\/\/senoriodelospedroches.com\/wp-content\/uploads\/2021\/04\/cesta-2-65E.jpg","datePublished":"2021-04-20T11:43:45+00:00","dateModified":"2022-04-25T16:31:47+00:00","breadcrumb":{"@id":"https:\/\/senoriodelospedroches.com\/en\/producto\/cesta-2-dia-de-la-madre\/#breadcrumb"},"inLanguage":"en-US","potentialAction":[{"@type":"ReadAction","target":["https:\/\/senoriodelospedroches.com\/en\/producto\/cesta-2-dia-de-la-madre\/"]}]},{"@type":"ImageObject","inLanguage":"en-US","@id":"https:\/\/senoriodelospedroches.com\/en\/producto\/cesta-2-dia-de-la-madre\/#primaryimage","url":"https:\/\/senoriodelospedroches.com\/wp-content\/uploads\/2021\/04\/cesta-2-65E.jpg","contentUrl":"https:\/\/senoriodelospedroches.com\/wp-content\/uploads\/2021\/04\/cesta-2-65E.jpg","width":1600,"height":1600},{"@type":"BreadcrumbList","@id":"https:\/\/senoriodelospedroches.com\/en\/producto\/cesta-2-dia-de-la-madre\/#breadcrumb","itemListElement":[{"@type":"ListItem","position":1,"name":"Home","item":"https:\/\/senoriodelospedroches.com\/en\/"},{"@type":"ListItem","position":2,"name":"Store","item":"https:\/\/senoriodelospedroches.com\/en\/shop\/"},{"@type":"ListItem","position":3,"name":"Cesta 2 D\u00eda de la Madre"}]},{"@type":"WebSite","@id":"https:\/\/senoriodelospedroches.com\/en\/#website","url":"https:\/\/senoriodelospedroches.com\/en\/","name":"Se\u00f1or\u00edo de los Pedroches","description":"Iberian hams and shoulders from Valle de los Pedroches","potentialAction":[{"@type":"SearchAction","target":{"@type":"EntryPoint","urlTemplate":"https:\/\/senoriodelospedroches.com\/en\/?s={search_term_string}"},"query-input":{"@type":"PropertyValueSpecification","valueRequired":true,"valueName":"search_term_string"}}],"inLanguage":"en-US"}]}},"_links":{"self":[{"href":"https:\/\/senoriodelospedroches.com\/en\/wp-json\/wp\/v2\/product\/232439","targetHints":{"allow":["GET"]}}],"collection":[{"href":"https:\/\/senoriodelospedroches.com\/en\/wp-json\/wp\/v2\/product"}],"about":[{"href":"https:\/\/senoriodelospedroches.com\/en\/wp-json\/wp\/v2\/types\/product"}],"replies":[{"embeddable":true,"href":"https:\/\/senoriodelospedroches.com\/en\/wp-json\/wp\/v2\/comments?post=232439"}],"wp:featuredmedia":[{"embeddable":true,"href":"https:\/\/senoriodelospedroches.com\/en\/wp-json\/wp\/v2\/media\/232442"}],"wp:attachment":[{"href":"https:\/\/senoriodelospedroches.com\/en\/wp-json\/wp\/v2\/media?parent=232439"}],"wp:term":[{"taxonomy":"product_brand","embeddable":true,"href":"https:\/\/senoriodelospedroches.com\/en\/wp-json\/wp\/v2\/product_brand?post=232439"},{"taxonomy":"product_cat","embeddable":true,"href":"https:\/\/senoriodelospedroches.com\/en\/wp-json\/wp\/v2\/product_cat?post=232439"},{"taxonomy":"product_tag","embeddable":true,"href":"https:\/\/senoriodelospedroches.com\/en\/wp-json\/wp\/v2\/product_tag?post=232439"}],"curies":[{"name":"wp","href":"https:\/\/api.w.org\/{rel}","templated":true}]}}