{"id":233632,"date":"2022-09-08T10:45:57","date_gmt":"2022-09-08T10:45:57","guid":{"rendered":"https:\/\/senoriodelospedroches.com\/?post_type=product&#038;p=233632"},"modified":"2024-03-25T09:17:37","modified_gmt":"2024-03-25T09:17:37","slug":"aove-premium-lechin-acebuche","status":"publish","type":"product","link":"https:\/\/senoriodelospedroches.com\/en\/producto\/aove-premium-lechin-acebuche\/","title":{"rendered":"AOVE Ultra Premium Lech\u00edn&#038;Acebuche &#8211; Edici\u00f3n limitada"},"content":{"rendered":"<p>[et_pb_section fb_built=&#8221;1&#8243; _builder_version=&#8221;4.16&#8243; _module_preset=&#8221;default&#8221; background_color=&#8221;rgba(0,0,0,0)&#8221; background_image=&#8221;https:\/\/senoriodelospedroches.com\/wp-content\/uploads\/2020\/09\/bellotra-jamon-fondo.png&#8221; width=&#8221;100%&#8221; custom_margin=&#8221;-25px|||||&#8221; custom_padding=&#8221;||0%||false|false&#8221; global_colors_info=&#8221;{}&#8221;][et_pb_row column_structure=&#8221;1_3,1_3,1_3&#8243; use_custom_gutter=&#8221;on&#8221; gutter_width=&#8221;4&#8243; _builder_version=&#8221;4.16&#8243; width=&#8221;100%&#8221; module_alignment=&#8221;right&#8221; custom_margin=&#8221;-56px|auto||auto|false|false&#8221; custom_padding=&#8221;50px||0.4%||false|false&#8221; global_colors_info=&#8221;{}&#8221;][et_pb_column type=&#8221;1_3&#8243; _builder_version=&#8221;4.16&#8243; background_enable_color=&#8221;off&#8221; background_enable_image=&#8221;off&#8221; custom_padding=&#8221;|0px||0px|false|false&#8221; border_width_right=&#8221;1px&#8221; border_color_right=&#8221;#ffffff&#8221; global_colors_info=&#8221;{}&#8221; custom_padding__hover=&#8221;|||&#8221;][et_pb_text _builder_version=&#8221;4.17.4&#8243; _module_preset=&#8221;default&#8221; text_font=&#8221;Source Sans Pro||||||||&#8221; text_text_color=&#8221;#ffffff&#8221; text_font_size=&#8221;17px&#8221; header_3_font=&#8221;Libre Baskerville||||||||&#8221; header_3_text_color=&#8221;#ffffff&#8221; header_3_font_size=&#8221;18px&#8221; custom_margin=&#8221;|||-33px|false|false&#8221; custom_margin_tablet=&#8221;&#8221; custom_margin_phone=&#8221;|||0px|false|false&#8221; custom_margin_last_edited=&#8221;on|phone&#8221; custom_padding=&#8221;|60px|||false|false&#8221; hover_enabled=&#8221;0&#8243; global_colors_info=&#8221;{}&#8221; sticky_enabled=&#8221;0&#8243;]<\/p>\n<h3>Ingredientes<\/h3>\n<p>&nbsp;<\/p>\n<div class=\"page\" title=\"Page 1\">\n<div class=\"layoutArea\">\n<div class=\"column\">\n<p>Aceite de oliva virgen extra coupage con las variedades lech\u00edn y acebuche.<\/p>\n<\/div>\n<\/div>\n<\/div>\n<p>[\/et_pb_text][et_pb_divider show_divider=&#8221;off&#8221; disabled_on=&#8221;on|off|off&#8221; _builder_version=&#8221;4.16&#8243; _module_preset=&#8221;default&#8221; min_height=&#8221;70px&#8221; custom_margin=&#8221;||19px|||&#8221; custom_padding=&#8221;||68px|||&#8221; global_colors_info=&#8221;{}&#8221;][\/et_pb_divider][\/et_pb_column][et_pb_column type=&#8221;1_3&#8243; _builder_version=&#8221;4.16&#8243; background_enable_color=&#8221;off&#8221; background_enable_image=&#8221;off&#8221; custom_padding=&#8221;|0px||0px|false|false&#8221; border_width_right=&#8221;1px&#8221; border_color_right=&#8221;#ffffff&#8221; global_colors_info=&#8221;{}&#8221; custom_padding__hover=&#8221;|||&#8221;][et_pb_text _builder_version=&#8221;4.17.4&#8243; _module_preset=&#8221;default&#8221; text_font=&#8221;Source Sans Pro||||||||&#8221; text_text_color=&#8221;#ffffff&#8221; text_font_size=&#8221;17px&#8221; header_3_font=&#8221;Libre Baskerville||||||||&#8221; header_3_text_color=&#8221;#ffffff&#8221; header_3_font_size=&#8221;18px&#8221; custom_margin=&#8221;|||-25px||&#8221; custom_margin_tablet=&#8221;&#8221; custom_margin_phone=&#8221;|||0px|false|false&#8221; custom_margin_last_edited=&#8221;on|phone&#8221; custom_padding=&#8221;|40px|6px|||&#8221; hover_enabled=&#8221;0&#8243; global_colors_info=&#8221;{}&#8221; sticky_enabled=&#8221;0&#8243;]<\/p>\n<h3>Informaci\u00f3n general<\/h3>\n<p>Las aceitunas que se emplean para dar vida a este coupage provienen del coraz\u00f3n de la finca Herriza de la Lobilla donde encontramos Lechines centenarios y acebuches salvajes.<\/p>\n<p>La variedad Lech\u00edn est\u00e1n en peligro de extinci\u00f3n, olivos centenarios tradicionales de secano que dieron fama a la tradici\u00f3n olivarera de Osuna y que ahora en pos de los nuevos m\u00e9todos de cultivo se est\u00e1n perdiendo.<\/p>\n<p>[\/et_pb_text][\/et_pb_column][et_pb_column type=&#8221;1_3&#8243; _builder_version=&#8221;4.16&#8243; background_enable_color=&#8221;off&#8221; background_enable_image=&#8221;off&#8221; custom_padding=&#8221;|0px||0px|false|false&#8221; border_width_right=&#8221;1px&#8221; border_color_right=&#8221;#ffffff&#8221; global_colors_info=&#8221;{}&#8221; custom_padding__hover=&#8221;|||&#8221;][et_pb_text _builder_version=&#8221;4.17.4&#8243; _module_preset=&#8221;default&#8221; text_font=&#8221;Source Sans Pro||||||||&#8221; text_text_color=&#8221;#ffffff&#8221; text_font_size=&#8221;17px&#8221; header_3_font=&#8221;Libre Baskerville||||||||&#8221; header_3_text_color=&#8221;#ffffff&#8221; header_3_font_size=&#8221;18px&#8221; custom_margin=&#8221;||-14px|-25px||&#8221; custom_margin_tablet=&#8221;&#8221; custom_margin_phone=&#8221;|||0px|false|false&#8221; custom_margin_last_edited=&#8221;on|phone&#8221; custom_padding=&#8221;|34px|49px|||&#8221; global_colors_info=&#8221;{}&#8221;]<\/p>\n<h3>Env\u00edos<\/h3>\n<p>&nbsp;<\/p>\n<p>Enviamos <strong>a toda Espa\u00f1a\u00a0<\/strong>(Peninsular) en un plazo de 24 a 48 horas.<\/p>\n<p>Env\u00edos gratis <strong>a partir de 100\u20ac<\/strong>.<\/p>\n<blockquote>\n<p><em><span style=\"color: #99999;\">Para cualquier duda, atenci\u00f3n al cliente:\u00a0<b data-stringify-type=\"bold\">957 12 11 67 \/\u00a0<\/b><\/span><\/em><em><span style=\"color: #99999;\"><b data-stringify-type=\"bold\">\u00a0671 20 06 49<\/b><\/span><\/em><\/p>\n<\/blockquote>\n<p>&nbsp;<\/p>\n<p>[\/et_pb_text][\/et_pb_column][\/et_pb_row][\/et_pb_section]<\/p>\n","protected":false},"excerpt":{"rendered":"<p>Ingredientes &nbsp; Aceite de oliva virgen extra coupage con las variedades lech\u00edn y acebuche. Informaci\u00f3n general Las aceitunas que se emplean para dar vida a este coupage provienen del coraz\u00f3n de la finca Herriza de la Lobilla donde encontramos Lechines centenarios y acebuches salvajes. La variedad Lech\u00edn est\u00e1n en peligro de extinci\u00f3n, olivos centenarios tradicionales [&hellip;]<\/p>\n","protected":false},"featured_media":233633,"comment_status":"open","ping_status":"closed","template":"","meta":{"_et_pb_use_builder":"on","_et_pb_old_content":"Botella de 500 ml. de aceite de oliva virgen extra coupage Lech\u00edn y Acebuche. Un aceite de oliva con personalidad especial que fusiona lo ind\u00f3mito de las variedades Centenarias Lech\u00edn y los Acebuches salvajes para conseguir un virgen extra completamente diferente a todo lo que hay en el mercado.\r\n\r\nNos encontramos ante un Aceite de Oliva Virgen Extra Ultra Premium de alto contenido Fen\u00f3lico, m\u00e1s que un aceite, una carga medicinal de antioxidantes naturales.","_et_gb_content_width":"","_joinchat":[]},"product_brand":[],"product_cat":[49],"product_tag":[],"class_list":{"0":"post-233632","1":"product","2":"type-product","3":"status-publish","4":"has-post-thumbnail","6":"product_cat-aceite","8":"first","9":"instock","10":"shipping-taxable","11":"purchasable","12":"product-type-simple"},"yoast_head":"<!-- This site is optimized with the Yoast SEO plugin v27.4 - https:\/\/yoast.com\/product\/yoast-seo-wordpress\/ -->\n<title>AOVE Ultra Premium Lech\u00edn&amp;Acebuche - Edici\u00f3n limitada - Se\u00f1or\u00edo de los Pedroches<\/title>\n<meta name=\"robots\" content=\"index, follow, max-snippet:-1, max-image-preview:large, max-video-preview:-1\" \/>\n<link rel=\"canonical\" href=\"https:\/\/senoriodelospedroches.com\/en\/producto\/aove-premium-lechin-acebuche\/\" \/>\n<meta property=\"og:locale\" content=\"en_US\" \/>\n<meta property=\"og:type\" content=\"article\" \/>\n<meta property=\"og:title\" content=\"AOVE Ultra Premium Lech\u00edn&amp;Acebuche - Edici\u00f3n limitada - Se\u00f1or\u00edo de los Pedroches\" \/>\n<meta property=\"og:description\" content=\"Ingredientes &nbsp; Aceite de oliva virgen extra coupage con las variedades lech\u00edn y acebuche. Informaci\u00f3n general Las aceitunas que se emplean para dar vida a este coupage provienen del coraz\u00f3n de la finca Herriza de la Lobilla donde encontramos Lechines centenarios y acebuches salvajes. La variedad Lech\u00edn est\u00e1n en peligro de extinci\u00f3n, olivos centenarios tradicionales [&hellip;]\" \/>\n<meta property=\"og:url\" content=\"https:\/\/senoriodelospedroches.com\/en\/producto\/aove-premium-lechin-acebuche\/\" \/>\n<meta property=\"og:site_name\" content=\"Se\u00f1or\u00edo de los Pedroches\" \/>\n<meta property=\"article:modified_time\" content=\"2024-03-25T09:17:37+00:00\" \/>\n<meta property=\"og:image\" content=\"https:\/\/senoriodelospedroches.com\/wp-content\/uploads\/2022\/09\/aove-lechin-herriza-500ml.jpg\" \/>\n\t<meta property=\"og:image:width\" content=\"800\" \/>\n\t<meta property=\"og:image:height\" content=\"800\" \/>\n\t<meta property=\"og:image:type\" content=\"image\/jpeg\" \/>\n<meta name=\"twitter:card\" content=\"summary_large_image\" \/>\n<meta name=\"twitter:label1\" content=\"Est. reading time\" \/>\n\t<meta name=\"twitter:data1\" content=\"2 minutes\" \/>\n<script type=\"application\/ld+json\" class=\"yoast-schema-graph\">{\"@context\":\"https:\\\/\\\/schema.org\",\"@graph\":[{\"@type\":\"WebPage\",\"@id\":\"https:\\\/\\\/senoriodelospedroches.com\\\/en\\\/producto\\\/aove-premium-lechin-acebuche\\\/\",\"url\":\"https:\\\/\\\/senoriodelospedroches.com\\\/en\\\/producto\\\/aove-premium-lechin-acebuche\\\/\",\"name\":\"AOVE Ultra Premium Lech\u00edn&Acebuche - Edici\u00f3n limitada - Se\u00f1or\u00edo de los Pedroches\",\"isPartOf\":{\"@id\":\"https:\\\/\\\/senoriodelospedroches.com\\\/en\\\/#website\"},\"primaryImageOfPage\":{\"@id\":\"https:\\\/\\\/senoriodelospedroches.com\\\/en\\\/producto\\\/aove-premium-lechin-acebuche\\\/#primaryimage\"},\"image\":{\"@id\":\"https:\\\/\\\/senoriodelospedroches.com\\\/en\\\/producto\\\/aove-premium-lechin-acebuche\\\/#primaryimage\"},\"thumbnailUrl\":\"https:\\\/\\\/senoriodelospedroches.com\\\/wp-content\\\/uploads\\\/2022\\\/09\\\/aove-lechin-herriza-500ml.jpg\",\"datePublished\":\"2022-09-08T10:45:57+00:00\",\"dateModified\":\"2024-03-25T09:17:37+00:00\",\"breadcrumb\":{\"@id\":\"https:\\\/\\\/senoriodelospedroches.com\\\/en\\\/producto\\\/aove-premium-lechin-acebuche\\\/#breadcrumb\"},\"inLanguage\":\"en-US\",\"potentialAction\":[{\"@type\":\"ReadAction\",\"target\":[\"https:\\\/\\\/senoriodelospedroches.com\\\/en\\\/producto\\\/aove-premium-lechin-acebuche\\\/\"]}]},{\"@type\":\"ImageObject\",\"inLanguage\":\"en-US\",\"@id\":\"https:\\\/\\\/senoriodelospedroches.com\\\/en\\\/producto\\\/aove-premium-lechin-acebuche\\\/#primaryimage\",\"url\":\"https:\\\/\\\/senoriodelospedroches.com\\\/wp-content\\\/uploads\\\/2022\\\/09\\\/aove-lechin-herriza-500ml.jpg\",\"contentUrl\":\"https:\\\/\\\/senoriodelospedroches.com\\\/wp-content\\\/uploads\\\/2022\\\/09\\\/aove-lechin-herriza-500ml.jpg\",\"width\":800,\"height\":800},{\"@type\":\"BreadcrumbList\",\"@id\":\"https:\\\/\\\/senoriodelospedroches.com\\\/en\\\/producto\\\/aove-premium-lechin-acebuche\\\/#breadcrumb\",\"itemListElement\":[{\"@type\":\"ListItem\",\"position\":1,\"name\":\"Home\",\"item\":\"https:\\\/\\\/senoriodelospedroches.com\\\/en\\\/\"},{\"@type\":\"ListItem\",\"position\":2,\"name\":\"Store\",\"item\":\"https:\\\/\\\/senoriodelospedroches.com\\\/en\\\/shop\\\/\"},{\"@type\":\"ListItem\",\"position\":3,\"name\":\"AOVE Ultra Premium Lech\u00edn&#038;Acebuche &#8211; Edici\u00f3n limitada\"}]},{\"@type\":\"WebSite\",\"@id\":\"https:\\\/\\\/senoriodelospedroches.com\\\/en\\\/#website\",\"url\":\"https:\\\/\\\/senoriodelospedroches.com\\\/en\\\/\",\"name\":\"Se\u00f1or\u00edo de los Pedroches\",\"description\":\"Iberian hams and shoulders from Valle de los Pedroches\",\"potentialAction\":[{\"@type\":\"SearchAction\",\"target\":{\"@type\":\"EntryPoint\",\"urlTemplate\":\"https:\\\/\\\/senoriodelospedroches.com\\\/en\\\/?s={search_term_string}\"},\"query-input\":{\"@type\":\"PropertyValueSpecification\",\"valueRequired\":true,\"valueName\":\"search_term_string\"}}],\"inLanguage\":\"en-US\"}]}<\/script>\n<!-- \/ Yoast SEO plugin. -->","yoast_head_json":{"title":"AOVE Ultra Premium Lech\u00edn&Acebuche - Edici\u00f3n limitada - Se\u00f1or\u00edo de los Pedroches","robots":{"index":"index","follow":"follow","max-snippet":"max-snippet:-1","max-image-preview":"max-image-preview:large","max-video-preview":"max-video-preview:-1"},"canonical":"https:\/\/senoriodelospedroches.com\/en\/producto\/aove-premium-lechin-acebuche\/","og_locale":"en_US","og_type":"article","og_title":"AOVE Ultra Premium Lech\u00edn&Acebuche - Edici\u00f3n limitada - Se\u00f1or\u00edo de los Pedroches","og_description":"Ingredientes &nbsp; Aceite de oliva virgen extra coupage con las variedades lech\u00edn y acebuche. Informaci\u00f3n general Las aceitunas que se emplean para dar vida a este coupage provienen del coraz\u00f3n de la finca Herriza de la Lobilla donde encontramos Lechines centenarios y acebuches salvajes. La variedad Lech\u00edn est\u00e1n en peligro de extinci\u00f3n, olivos centenarios tradicionales [&hellip;]","og_url":"https:\/\/senoriodelospedroches.com\/en\/producto\/aove-premium-lechin-acebuche\/","og_site_name":"Se\u00f1or\u00edo de los Pedroches","article_modified_time":"2024-03-25T09:17:37+00:00","og_image":[{"width":800,"height":800,"url":"https:\/\/senoriodelospedroches.com\/wp-content\/uploads\/2022\/09\/aove-lechin-herriza-500ml.jpg","type":"image\/jpeg"}],"twitter_card":"summary_large_image","twitter_misc":{"Est. reading time":"2 minutes"},"schema":{"@context":"https:\/\/schema.org","@graph":[{"@type":"WebPage","@id":"https:\/\/senoriodelospedroches.com\/en\/producto\/aove-premium-lechin-acebuche\/","url":"https:\/\/senoriodelospedroches.com\/en\/producto\/aove-premium-lechin-acebuche\/","name":"AOVE Ultra Premium Lech\u00edn&Acebuche - Edici\u00f3n limitada - Se\u00f1or\u00edo de los Pedroches","isPartOf":{"@id":"https:\/\/senoriodelospedroches.com\/en\/#website"},"primaryImageOfPage":{"@id":"https:\/\/senoriodelospedroches.com\/en\/producto\/aove-premium-lechin-acebuche\/#primaryimage"},"image":{"@id":"https:\/\/senoriodelospedroches.com\/en\/producto\/aove-premium-lechin-acebuche\/#primaryimage"},"thumbnailUrl":"https:\/\/senoriodelospedroches.com\/wp-content\/uploads\/2022\/09\/aove-lechin-herriza-500ml.jpg","datePublished":"2022-09-08T10:45:57+00:00","dateModified":"2024-03-25T09:17:37+00:00","breadcrumb":{"@id":"https:\/\/senoriodelospedroches.com\/en\/producto\/aove-premium-lechin-acebuche\/#breadcrumb"},"inLanguage":"en-US","potentialAction":[{"@type":"ReadAction","target":["https:\/\/senoriodelospedroches.com\/en\/producto\/aove-premium-lechin-acebuche\/"]}]},{"@type":"ImageObject","inLanguage":"en-US","@id":"https:\/\/senoriodelospedroches.com\/en\/producto\/aove-premium-lechin-acebuche\/#primaryimage","url":"https:\/\/senoriodelospedroches.com\/wp-content\/uploads\/2022\/09\/aove-lechin-herriza-500ml.jpg","contentUrl":"https:\/\/senoriodelospedroches.com\/wp-content\/uploads\/2022\/09\/aove-lechin-herriza-500ml.jpg","width":800,"height":800},{"@type":"BreadcrumbList","@id":"https:\/\/senoriodelospedroches.com\/en\/producto\/aove-premium-lechin-acebuche\/#breadcrumb","itemListElement":[{"@type":"ListItem","position":1,"name":"Home","item":"https:\/\/senoriodelospedroches.com\/en\/"},{"@type":"ListItem","position":2,"name":"Store","item":"https:\/\/senoriodelospedroches.com\/en\/shop\/"},{"@type":"ListItem","position":3,"name":"AOVE Ultra Premium Lech\u00edn&#038;Acebuche &#8211; Edici\u00f3n limitada"}]},{"@type":"WebSite","@id":"https:\/\/senoriodelospedroches.com\/en\/#website","url":"https:\/\/senoriodelospedroches.com\/en\/","name":"Se\u00f1or\u00edo de los Pedroches","description":"Iberian hams and shoulders from Valle de los Pedroches","potentialAction":[{"@type":"SearchAction","target":{"@type":"EntryPoint","urlTemplate":"https:\/\/senoriodelospedroches.com\/en\/?s={search_term_string}"},"query-input":{"@type":"PropertyValueSpecification","valueRequired":true,"valueName":"search_term_string"}}],"inLanguage":"en-US"}]}},"_links":{"self":[{"href":"https:\/\/senoriodelospedroches.com\/en\/wp-json\/wp\/v2\/product\/233632","targetHints":{"allow":["GET"]}}],"collection":[{"href":"https:\/\/senoriodelospedroches.com\/en\/wp-json\/wp\/v2\/product"}],"about":[{"href":"https:\/\/senoriodelospedroches.com\/en\/wp-json\/wp\/v2\/types\/product"}],"replies":[{"embeddable":true,"href":"https:\/\/senoriodelospedroches.com\/en\/wp-json\/wp\/v2\/comments?post=233632"}],"wp:featuredmedia":[{"embeddable":true,"href":"https:\/\/senoriodelospedroches.com\/en\/wp-json\/wp\/v2\/media\/233633"}],"wp:attachment":[{"href":"https:\/\/senoriodelospedroches.com\/en\/wp-json\/wp\/v2\/media?parent=233632"}],"wp:term":[{"taxonomy":"product_brand","embeddable":true,"href":"https:\/\/senoriodelospedroches.com\/en\/wp-json\/wp\/v2\/product_brand?post=233632"},{"taxonomy":"product_cat","embeddable":true,"href":"https:\/\/senoriodelospedroches.com\/en\/wp-json\/wp\/v2\/product_cat?post=233632"},{"taxonomy":"product_tag","embeddable":true,"href":"https:\/\/senoriodelospedroches.com\/en\/wp-json\/wp\/v2\/product_tag?post=233632"}],"curies":[{"name":"wp","href":"https:\/\/api.w.org\/{rel}","templated":true}]}}