{"id":235118,"date":"2020-11-20T11:37:35","date_gmt":"2020-11-20T11:37:35","guid":{"rendered":"https:\/\/senoriodelospedroches.com\/producto\/sliced-acorn-fed-iberian-morcon\/"},"modified":"2023-07-31T07:53:09","modified_gmt":"2023-07-31T07:53:09","slug":"sliced-acorn-fed-iberian-morcon","status":"publish","type":"product","link":"https:\/\/senoriodelospedroches.com\/en\/producto\/sliced-acorn-fed-iberian-morcon\/","title":{"rendered":"Sliced Acorn-fed Iberian Morc\u00f3n"},"content":{"rendered":"<p>[et_pb_section fb_built=&#8221;1&#8243; _builder_version=&#8221;4.16&#8243; _module_preset=&#8221;default&#8221; background_color=&#8221;rgba(0,0,0,0)&#8221; background_image=&#8221;https:\/\/senoriodelospedroches.com\/wp-content\/uploads\/2020\/09\/bellotra-jamon-fondo.png&#8221; width=&#8221;100%&#8221; custom_margin=&#8221;-25px|||||&#8221; custom_padding=&#8221;||0%||false|false&#8221; global_colors_info=&#8221;{}&#8221;][et_pb_row column_structure=&#8221;1_3,1_3,1_3&#8243; use_custom_gutter=&#8221;on&#8221; gutter_width=&#8221;4&#8243; _builder_version=&#8221;4.16&#8243; width=&#8221;100%&#8221; module_alignment=&#8221;right&#8221; custom_margin=&#8221;-56px|auto||auto|false|false&#8221; custom_padding=&#8221;50px||0.4%||false|false&#8221; global_colors_info=&#8221;{}&#8221;][et_pb_column type=&#8221;1_3&#8243; _builder_version=&#8221;4.16&#8243; background_enable_color=&#8221;off&#8221; background_enable_image=&#8221;off&#8221; custom_padding=&#8221;|0px||0px|false|false&#8221; border_width_right=&#8221;1px&#8221; border_color_right=&#8221;#ffffff&#8221; global_colors_info=&#8221;{}&#8221; custom_padding__hover=&#8221;|||&#8221;][et_pb_text _builder_version=&#8221;4.16&#8243; _module_preset=&#8221;default&#8221; text_font=&#8221;Source Sans Pro||||||||&#8221; text_text_color=&#8221;#ffffff&#8221; text_font_size=&#8221;17px&#8221; header_3_font=&#8221;Libre Baskerville||||||||&#8221; header_3_text_color=&#8221;#ffffff&#8221; header_3_font_size=&#8221;18px&#8221; custom_margin=&#8221;||25px|-33px|false|false&#8221; custom_margin_tablet=&#8221;&#8221; custom_margin_phone=&#8221;|||0px|false|false&#8221; custom_margin_last_edited=&#8221;on|phone&#8221; custom_padding=&#8221;|60px|||false|false&#8221; global_colors_info=&#8221;{}&#8221;]<\/p>\n<h3>Ingredients<\/h3>\n<p>&nbsp;<\/p>\n<div class=\"page\" title=\"Page 1\">\n<div class=\"layoutArea\">\n<div class=\"column\">\n<p>Acorn-fed Iberian pork lean and fat, paprika, salt, spices, dextrose, dextrin, stabilizers (E450, E452), antioxidants (E331, E301), vegetable fiber, preservative (E252) and coloring (E120)<\/p>\n<\/div>\n<\/div>\n<\/div>\n<p>[\/et_pb_text][et_pb_divider show_divider=&#8221;off&#8221; disabled_on=&#8221;on|off|off&#8221; _builder_version=&#8221;4.16&#8243; _module_preset=&#8221;default&#8221; min_height=&#8221;70px&#8221; custom_margin=&#8221;||19px|||&#8221; global_colors_info=&#8221;{}&#8221;][\/et_pb_divider][\/et_pb_column][et_pb_column type=&#8221;1_3&#8243; _builder_version=&#8221;4.16&#8243; background_enable_color=&#8221;off&#8221; background_enable_image=&#8221;off&#8221; custom_padding=&#8221;|0px||0px|false|false&#8221; border_width_right=&#8221;1px&#8221; border_color_right=&#8221;#ffffff&#8221; global_colors_info=&#8221;{}&#8221; custom_padding__hover=&#8221;|||&#8221;][et_pb_text _builder_version=&#8221;4.16&#8243; _module_preset=&#8221;default&#8221; text_font=&#8221;Source Sans Pro||||||||&#8221; text_text_color=&#8221;#ffffff&#8221; text_font_size=&#8221;17px&#8221; header_3_font=&#8221;Libre Baskerville||||||||&#8221; header_3_text_color=&#8221;#ffffff&#8221; header_3_font_size=&#8221;18px&#8221; custom_margin=&#8221;|||-25px||&#8221; custom_margin_tablet=&#8221;&#8221; custom_margin_phone=&#8221;|||0px|false|false&#8221; custom_margin_last_edited=&#8221;on|phone&#8221; custom_padding=&#8221;|40px|6px|||&#8221; global_colors_info=&#8221;{}&#8221;]<\/p>\n<h3>Average nutritional information per 100 g<\/h3>\n<p>&nbsp;<\/p>\n<ul>\n<li>Energetic value 1481 kj \/ 356 kcal<\/li>\n<li>Total fat 29.3 g of which saturated 12.36 g<\/li>\n<li>Carbohydrates 1.9 g of which sugars &lt;&lt; 1.1 g<\/li>\n<li>Dietary fiber -0.1 g<\/li>\n<li>Proteins 21.8g<\/li>\n<li>Salt 1.8 g<\/li>\n<\/ul>\n<p>[\/et_pb_text][\/et_pb_column][et_pb_column type=&#8221;1_3&#8243; _builder_version=&#8221;4.16&#8243; background_enable_color=&#8221;off&#8221; background_enable_image=&#8221;off&#8221; custom_padding=&#8221;|0px||0px|false|false&#8221; border_width_right=&#8221;1px&#8221; border_color_right=&#8221;#ffffff&#8221; global_colors_info=&#8221;{}&#8221; custom_padding__hover=&#8221;|||&#8221;][et_pb_text _builder_version=&#8221;4.16&#8243; _module_preset=&#8221;default&#8221; text_font=&#8221;Source Sans Pro||||||||&#8221; text_text_color=&#8221;#ffffff&#8221; text_font_size=&#8221;17px&#8221; header_3_font=&#8221;Libre Baskerville||||||||&#8221; header_3_text_color=&#8221;#ffffff&#8221; header_3_font_size=&#8221;18px&#8221; custom_margin=&#8221;||-14px|-25px||&#8221; custom_margin_tablet=&#8221;&#8221; custom_margin_phone=&#8221;|||0px|false|false&#8221; custom_margin_last_edited=&#8221;on|phone&#8221; custom_padding=&#8221;|34px|25px|||&#8221; global_colors_info=&#8221;{}&#8221;]<\/p>\n<h3>Shipping policy<\/h3>\n<p>&nbsp;<\/p>\n<p>We ship to <strong>all of Spain<\/strong> (Peninsular) within a period of 24 to 48 hours.<\/p>\n<p>Free shipping <strong>from \u20ac100.<\/strong><\/p>\n<blockquote>\n<p><em><span style=\"color: #99999;\">If you have any questions, customer service: <b data-stringify-type=\"bold\">957 12 11 67 \/ <\/b><\/span><\/em><em><span style=\"color: #99999;\"><b data-stringify-type=\"bold\"> 671 20 06 49<\/b><\/span><\/em><\/p>\n<\/blockquote>\n<p>&nbsp;<\/p>\n<p>[\/et_pb_text][\/et_pb_column][\/et_pb_row][\/et_pb_section]<\/p>\n","protected":false},"excerpt":{"rendered":"<p>Ingredients &nbsp; Acorn-fed Iberian pork lean and fat, paprika, salt, spices, dextrose, dextrin, stabilizers (E450, E452), antioxidants (E331, E301), vegetable fiber, preservative (E252) and coloring (E120) Average nutritional information per 100 g &nbsp; Energetic value 1481 kj \/ 356 kcal Total fat 29.3 g of which saturated 12.36 g Carbohydrates 1.9 g of which sugars [&hellip;]<\/p>\n","protected":false},"featured_media":234677,"comment_status":"open","ping_status":"closed","template":"","meta":{"_et_pb_use_builder":"on","_et_pb_old_content":"<strong>100g of sliced Acorn-fed Iberian Morc\u00f3n (Spanish Cured Sausage)<\/strong>, made from <strong>high-quality<\/strong> lean meats and stuffed into casings in an artisanal way. al. This piece has a very special and characteristic flavor thanks to the spices used to marinade and its natural maturation process.","_et_gb_content_width":"","_joinchat":[]},"product_brand":[],"product_cat":[103,131],"product_tag":[],"class_list":{"0":"post-235118","1":"product","2":"type-product","3":"status-publish","4":"has-post-thumbnail","6":"product_cat-iberian-sausages","7":"product_cat-sliced","9":"first","10":"instock","11":"shipping-taxable","12":"purchasable","13":"product-type-simple"},"yoast_head":"<!-- This site is optimized with the Yoast SEO plugin v27.2 - https:\/\/yoast.com\/product\/yoast-seo-wordpress\/ -->\n<title>Sliced Acorn-fed Iberian Morc\u00f3n - Se\u00f1or\u00edo de los Pedroches<\/title>\n<meta name=\"robots\" content=\"index, follow, max-snippet:-1, max-image-preview:large, max-video-preview:-1\" \/>\n<link rel=\"canonical\" href=\"https:\/\/senoriodelospedroches.com\/en\/producto\/sliced-acorn-fed-iberian-morcon\/\" \/>\n<meta property=\"og:locale\" content=\"en_US\" \/>\n<meta property=\"og:type\" content=\"article\" \/>\n<meta property=\"og:title\" content=\"Sliced Acorn-fed Iberian Morc\u00f3n - Se\u00f1or\u00edo de los Pedroches\" \/>\n<meta property=\"og:description\" content=\"Ingredients &nbsp; Acorn-fed Iberian pork lean and fat, paprika, salt, spices, dextrose, dextrin, stabilizers (E450, E452), antioxidants (E331, E301), vegetable fiber, preservative (E252) and coloring (E120) Average nutritional information per 100 g &nbsp; Energetic value 1481 kj \/ 356 kcal Total fat 29.3 g of which saturated 12.36 g Carbohydrates 1.9 g of which sugars [&hellip;]\" \/>\n<meta property=\"og:url\" content=\"https:\/\/senoriodelospedroches.com\/en\/producto\/sliced-acorn-fed-iberian-morcon\/\" \/>\n<meta property=\"og:site_name\" content=\"Se\u00f1or\u00edo de los Pedroches\" \/>\n<meta property=\"article:modified_time\" content=\"2023-07-31T07:53:09+00:00\" \/>\n<meta property=\"og:image\" content=\"https:\/\/senoriodelospedroches.com\/wp-content\/uploads\/2020\/11\/Morcon-iberico-de-bellota-loncheado.jpg\" \/>\n\t<meta property=\"og:image:width\" content=\"1600\" \/>\n\t<meta property=\"og:image:height\" content=\"1600\" \/>\n\t<meta property=\"og:image:type\" content=\"image\/jpeg\" \/>\n<meta name=\"twitter:card\" content=\"summary_large_image\" \/>\n<meta name=\"twitter:label1\" content=\"Est. reading time\" \/>\n\t<meta name=\"twitter:data1\" content=\"2 minutes\" \/>\n<script type=\"application\/ld+json\" class=\"yoast-schema-graph\">{\"@context\":\"https:\/\/schema.org\",\"@graph\":[{\"@type\":\"WebPage\",\"@id\":\"https:\/\/senoriodelospedroches.com\/en\/producto\/sliced-acorn-fed-iberian-morcon\/\",\"url\":\"https:\/\/senoriodelospedroches.com\/en\/producto\/sliced-acorn-fed-iberian-morcon\/\",\"name\":\"Sliced Acorn-fed Iberian Morc\u00f3n - Se\u00f1or\u00edo de los Pedroches\",\"isPartOf\":{\"@id\":\"https:\/\/senoriodelospedroches.com\/en\/#website\"},\"primaryImageOfPage\":{\"@id\":\"https:\/\/senoriodelospedroches.com\/en\/producto\/sliced-acorn-fed-iberian-morcon\/#primaryimage\"},\"image\":{\"@id\":\"https:\/\/senoriodelospedroches.com\/en\/producto\/sliced-acorn-fed-iberian-morcon\/#primaryimage\"},\"thumbnailUrl\":\"https:\/\/senoriodelospedroches.com\/wp-content\/uploads\/2020\/11\/Morcon-iberico-de-bellota-loncheado.jpg\",\"datePublished\":\"2020-11-20T11:37:35+00:00\",\"dateModified\":\"2023-07-31T07:53:09+00:00\",\"breadcrumb\":{\"@id\":\"https:\/\/senoriodelospedroches.com\/en\/producto\/sliced-acorn-fed-iberian-morcon\/#breadcrumb\"},\"inLanguage\":\"en-US\",\"potentialAction\":[{\"@type\":\"ReadAction\",\"target\":[\"https:\/\/senoriodelospedroches.com\/en\/producto\/sliced-acorn-fed-iberian-morcon\/\"]}]},{\"@type\":\"ImageObject\",\"inLanguage\":\"en-US\",\"@id\":\"https:\/\/senoriodelospedroches.com\/en\/producto\/sliced-acorn-fed-iberian-morcon\/#primaryimage\",\"url\":\"https:\/\/senoriodelospedroches.com\/wp-content\/uploads\/2020\/11\/Morcon-iberico-de-bellota-loncheado.jpg\",\"contentUrl\":\"https:\/\/senoriodelospedroches.com\/wp-content\/uploads\/2020\/11\/Morcon-iberico-de-bellota-loncheado.jpg\",\"width\":1600,\"height\":1600,\"caption\":\"Morc\u00f3n ib\u00e9rico de bellota loncheado\"},{\"@type\":\"BreadcrumbList\",\"@id\":\"https:\/\/senoriodelospedroches.com\/en\/producto\/sliced-acorn-fed-iberian-morcon\/#breadcrumb\",\"itemListElement\":[{\"@type\":\"ListItem\",\"position\":1,\"name\":\"Home\",\"item\":\"https:\/\/senoriodelospedroches.com\/en\/\"},{\"@type\":\"ListItem\",\"position\":2,\"name\":\"Store\",\"item\":\"https:\/\/senoriodelospedroches.com\/en\/shop\/\"},{\"@type\":\"ListItem\",\"position\":3,\"name\":\"Sliced Acorn-fed Iberian Morc\u00f3n\"}]},{\"@type\":\"WebSite\",\"@id\":\"https:\/\/senoriodelospedroches.com\/en\/#website\",\"url\":\"https:\/\/senoriodelospedroches.com\/en\/\",\"name\":\"Se\u00f1or\u00edo de los Pedroches\",\"description\":\"Iberian hams and shoulders from Valle de los Pedroches\",\"potentialAction\":[{\"@type\":\"SearchAction\",\"target\":{\"@type\":\"EntryPoint\",\"urlTemplate\":\"https:\/\/senoriodelospedroches.com\/en\/?s={search_term_string}\"},\"query-input\":{\"@type\":\"PropertyValueSpecification\",\"valueRequired\":true,\"valueName\":\"search_term_string\"}}],\"inLanguage\":\"en-US\"}]}<\/script>\n<!-- \/ Yoast SEO plugin. -->","yoast_head_json":{"title":"Sliced Acorn-fed Iberian Morc\u00f3n - Se\u00f1or\u00edo de los Pedroches","robots":{"index":"index","follow":"follow","max-snippet":"max-snippet:-1","max-image-preview":"max-image-preview:large","max-video-preview":"max-video-preview:-1"},"canonical":"https:\/\/senoriodelospedroches.com\/en\/producto\/sliced-acorn-fed-iberian-morcon\/","og_locale":"en_US","og_type":"article","og_title":"Sliced Acorn-fed Iberian Morc\u00f3n - Se\u00f1or\u00edo de los Pedroches","og_description":"Ingredients &nbsp; Acorn-fed Iberian pork lean and fat, paprika, salt, spices, dextrose, dextrin, stabilizers (E450, E452), antioxidants (E331, E301), vegetable fiber, preservative (E252) and coloring (E120) Average nutritional information per 100 g &nbsp; Energetic value 1481 kj \/ 356 kcal Total fat 29.3 g of which saturated 12.36 g Carbohydrates 1.9 g of which sugars [&hellip;]","og_url":"https:\/\/senoriodelospedroches.com\/en\/producto\/sliced-acorn-fed-iberian-morcon\/","og_site_name":"Se\u00f1or\u00edo de los Pedroches","article_modified_time":"2023-07-31T07:53:09+00:00","og_image":[{"width":1600,"height":1600,"url":"https:\/\/senoriodelospedroches.com\/wp-content\/uploads\/2020\/11\/Morcon-iberico-de-bellota-loncheado.jpg","type":"image\/jpeg"}],"twitter_card":"summary_large_image","twitter_misc":{"Est. reading time":"2 minutes"},"schema":{"@context":"https:\/\/schema.org","@graph":[{"@type":"WebPage","@id":"https:\/\/senoriodelospedroches.com\/en\/producto\/sliced-acorn-fed-iberian-morcon\/","url":"https:\/\/senoriodelospedroches.com\/en\/producto\/sliced-acorn-fed-iberian-morcon\/","name":"Sliced Acorn-fed Iberian Morc\u00f3n - Se\u00f1or\u00edo de los Pedroches","isPartOf":{"@id":"https:\/\/senoriodelospedroches.com\/en\/#website"},"primaryImageOfPage":{"@id":"https:\/\/senoriodelospedroches.com\/en\/producto\/sliced-acorn-fed-iberian-morcon\/#primaryimage"},"image":{"@id":"https:\/\/senoriodelospedroches.com\/en\/producto\/sliced-acorn-fed-iberian-morcon\/#primaryimage"},"thumbnailUrl":"https:\/\/senoriodelospedroches.com\/wp-content\/uploads\/2020\/11\/Morcon-iberico-de-bellota-loncheado.jpg","datePublished":"2020-11-20T11:37:35+00:00","dateModified":"2023-07-31T07:53:09+00:00","breadcrumb":{"@id":"https:\/\/senoriodelospedroches.com\/en\/producto\/sliced-acorn-fed-iberian-morcon\/#breadcrumb"},"inLanguage":"en-US","potentialAction":[{"@type":"ReadAction","target":["https:\/\/senoriodelospedroches.com\/en\/producto\/sliced-acorn-fed-iberian-morcon\/"]}]},{"@type":"ImageObject","inLanguage":"en-US","@id":"https:\/\/senoriodelospedroches.com\/en\/producto\/sliced-acorn-fed-iberian-morcon\/#primaryimage","url":"https:\/\/senoriodelospedroches.com\/wp-content\/uploads\/2020\/11\/Morcon-iberico-de-bellota-loncheado.jpg","contentUrl":"https:\/\/senoriodelospedroches.com\/wp-content\/uploads\/2020\/11\/Morcon-iberico-de-bellota-loncheado.jpg","width":1600,"height":1600,"caption":"Morc\u00f3n ib\u00e9rico de bellota loncheado"},{"@type":"BreadcrumbList","@id":"https:\/\/senoriodelospedroches.com\/en\/producto\/sliced-acorn-fed-iberian-morcon\/#breadcrumb","itemListElement":[{"@type":"ListItem","position":1,"name":"Home","item":"https:\/\/senoriodelospedroches.com\/en\/"},{"@type":"ListItem","position":2,"name":"Store","item":"https:\/\/senoriodelospedroches.com\/en\/shop\/"},{"@type":"ListItem","position":3,"name":"Sliced Acorn-fed Iberian Morc\u00f3n"}]},{"@type":"WebSite","@id":"https:\/\/senoriodelospedroches.com\/en\/#website","url":"https:\/\/senoriodelospedroches.com\/en\/","name":"Se\u00f1or\u00edo de los Pedroches","description":"Iberian hams and shoulders from Valle de los Pedroches","potentialAction":[{"@type":"SearchAction","target":{"@type":"EntryPoint","urlTemplate":"https:\/\/senoriodelospedroches.com\/en\/?s={search_term_string}"},"query-input":{"@type":"PropertyValueSpecification","valueRequired":true,"valueName":"search_term_string"}}],"inLanguage":"en-US"}]}},"_links":{"self":[{"href":"https:\/\/senoriodelospedroches.com\/en\/wp-json\/wp\/v2\/product\/235118","targetHints":{"allow":["GET"]}}],"collection":[{"href":"https:\/\/senoriodelospedroches.com\/en\/wp-json\/wp\/v2\/product"}],"about":[{"href":"https:\/\/senoriodelospedroches.com\/en\/wp-json\/wp\/v2\/types\/product"}],"replies":[{"embeddable":true,"href":"https:\/\/senoriodelospedroches.com\/en\/wp-json\/wp\/v2\/comments?post=235118"}],"wp:featuredmedia":[{"embeddable":true,"href":"https:\/\/senoriodelospedroches.com\/en\/wp-json\/wp\/v2\/media\/234677"}],"wp:attachment":[{"href":"https:\/\/senoriodelospedroches.com\/en\/wp-json\/wp\/v2\/media?parent=235118"}],"wp:term":[{"taxonomy":"product_brand","embeddable":true,"href":"https:\/\/senoriodelospedroches.com\/en\/wp-json\/wp\/v2\/product_brand?post=235118"},{"taxonomy":"product_cat","embeddable":true,"href":"https:\/\/senoriodelospedroches.com\/en\/wp-json\/wp\/v2\/product_cat?post=235118"},{"taxonomy":"product_tag","embeddable":true,"href":"https:\/\/senoriodelospedroches.com\/en\/wp-json\/wp\/v2\/product_tag?post=235118"}],"curies":[{"name":"wp","href":"https:\/\/api.w.org\/{rel}","templated":true}]}}